{"id":59912,"date":"2020-12-30T17:18:11","date_gmt":"2020-12-30T15:18:11","guid":{"rendered":"http:\/\/www.xn--tuksimaailm-ffb.ee\/shop\/%d0%b0%d0%ba%d0%ba%d1%83%d0%bc%d1%83%d0%bb%d1%8f%d1%82%d0%be%d1%80-xiaomi-m365-pro-2-bms\/"},"modified":"2020-12-30T17:18:11","modified_gmt":"2020-12-30T15:18:11","slug":"%d0%b0%d0%ba%d0%ba%d1%83%d0%bc%d1%83%d0%bb%d1%8f%d1%82%d0%be%d1%80-xiaomi-m365-pro-2-bms","status":"publish","type":"product","link":"https:\/\/www.xn--tuksimaailm-ffb.ee\/ru\/\u043f\u0440\u043e\u0434\u0443\u043a\u0442\/%d0%b0%d0%ba%d0%ba%d1%83%d0%bc%d1%83%d0%bb%d1%8f%d1%82%d0%be%d1%80-xiaomi-m365-pro-2-bms\/","title":{"rendered":"\u0410\u043a\u043a\u0443\u043c\u0443\u043b\u044f\u0442\u043e\u0440 Xiaomi M365 Pro 2 BMS"},"content":{"rendered":"<p>\u0411\u0430\u0442\u0430\u0440\u0435\u044f Xiaomi M365 Pro 2 BMS (\u0442\u0430\u043a\u0436\u0435 \u043f\u043b\u0430\u0442\u0430 \u0443\u043f\u0440\u0430\u0432\u043b\u0435\u043d\u0438\u044f, \u043c\u043e\u0434\u0443\u043b\u044c \u0443\u043f\u0440\u0430\u0432\u043b\u0435\u043d\u0438\u044f, \u0441\u0438\u0441\u0442\u0435\u043c\u0430 \u0443\u043f\u0440\u0430\u0432\u043b\u0435\u043d\u0438\u044f \u0431\u0430\u0442\u0430\u0440\u0435\u0435\u0439). \u0410\u043a\u043a\u0443\u043c\u0443\u043b\u044f\u0442\u043e\u0440\u043d\u0430\u044f BMS \u0434\u043b\u044f Xiaomi Mi M365 Pro 2 \u0441\u043e\u0432\u043c\u0435\u0441\u0442\u0438\u043c\u0430 \u0441 \u043e\u0440\u0438\u0433\u0438\u043d\u0430\u043b\u044c\u043d\u044b\u043c\u0438 \u0430\u043a\u043a\u0443\u043c\u0443\u043b\u044f\u0442\u043e\u0440\u043d\u044b\u043c\u0438 \u0431\u043b\u043e\u043a\u0430\u043c\u0438 Mijia \u0434\u043b\u044f \u043c\u043e\u0434\u0435\u043b\u0435\u0439 <a href=\"http:\/\/www.xn--tuksimaailm-ffb.ee\/shop\/elektriline-toukeratas-xiaomi-mi-m365-pro\/\"><b><strong>Xiaomi M365 Pro<\/strong><\/b><\/a> \u0438 <a href=\"https:\/\/www.mi.com\/global\/mi-electric-scooter-Pro2\/\"><b><strong>Xiaomi Mi Pro 2<\/strong><\/b><\/a>. \u0415\u0441\u043b\u0438 \u0432\u043e\u0437\u043d\u0438\u043a\u0430\u0435\u0442 \u043f\u0440\u043e\u0431\u043b\u0435\u043c\u0430 \u0441 \u0430\u043a\u043a\u0443\u043c\u0443\u043b\u044f\u0442\u043e\u0440\u043d\u044b\u043c \u0431\u043b\u043e\u043a\u043e\u043c \u0441\u0430\u043c\u043e\u043a\u0430\u0442\u0430, \u0442\u043e \u0432 90% \u0441\u043b\u0443\u0447\u0430\u0435\u0432 (\u043d\u0430 \u043a\u0430\u0447\u0435\u0441\u0442\u0432\u0435\u043d\u043d\u044b\u0445 \u0430\u043a\u043a\u0443\u043c\u0443\u043b\u044f\u0442\u043e\u0440\u0430\u0445) \u044d\u0442\u043e \u0441\u0432\u044f\u0437\u0430\u043d\u043e \u0441 \u043d\u0435\u0438\u0441\u043f\u0440\u0430\u0432\u043d\u043e\u0441\u0442\u044c\u044e \u0430\u043a\u043a\u0443\u043c\u0443\u043b\u044f\u0442\u043e\u0440\u043d\u043e\u0439 BMS. \u041d\u0435\u0438\u0441\u043f\u0440\u0430\u0432\u043d\u043e\u0441\u0442\u044c BMS-\u0431\u0430\u0442\u0430\u0440\u0435\u0438 \u043e\u0441\u043e\u0431\u0435\u043d\u043d\u043e \u0432\u0435\u0440\u043e\u044f\u0442\u043d\u0430, \u043a\u043e\u0433\u0434\u0430 \u044d\u043b\u0435\u043a\u0442\u0440\u043e\u0441\u043a\u0443\u0442\u0435\u0440 \u0442\u0443\u043f\u0438\u0442 - \u043d\u0435 \u0432\u043a\u043b\u044e\u0447\u0430\u0435\u0442\u0441\u044f \u0438 \u043d\u0435 \u043d\u0430\u0447\u0438\u043d\u0430\u0435\u0442 \u0437\u0430\u0440\u044f\u0436\u0430\u0442\u044c\u0441\u044f. \u0417\u0430\u043c\u0435\u043d\u0430 \u043f\u043b\u0430\u0442\u044b \u0443\u043f\u0440\u0430\u0432\u043b\u0435\u043d\u0438\u044f, \u0434\u0430\u0436\u0435 \u0441 \u0443\u0447\u0435\u0442\u043e\u043c \u0442\u0440\u0443\u0434\u043e\u0437\u0430\u0442\u0440\u0430\u0442, \u043e\u0431\u044b\u0447\u043d\u043e \u043e\u0431\u0445\u043e\u0434\u0438\u0442\u0441\u044f \u0432 2-3 \u0440\u0430\u0437\u0430 \u0434\u0435\u0448\u0435\u0432\u043b\u0435, \u0447\u0435\u043c \u0441\u0442\u043e\u0438\u043c\u043e\u0441\u0442\u044c \u043d\u043e\u0432\u043e\u0433\u043e \u0430\u043a\u043a\u0443\u043c\u0443\u043b\u044f\u0442\u043e\u0440\u0430. \u0415\u0441\u043b\u0438 \u0440\u0435\u043c\u043e\u043d\u0442 \u0431\u0430\u0442\u0430\u0440\u0435\u0438 \u0432\u0430\u0448\u0435\u0433\u043e \u044d\u043b\u0435\u043a\u0442\u0440\u043e\u0441\u043a\u0443\u0442\u0435\u0440\u0430 - \u044d\u0442\u043e \u0441\u043b\u0438\u0448\u043a\u043e\u043c \u0434\u043e\u0440\u043e\u0433\u043e, \u0432\u0430\u043c \u043f\u043e\u043c\u043e\u0436\u0435\u0442 \u043d\u0430\u0448\u0430 \u0441\u043f\u0435\u0446\u0438\u0430\u043b\u0438\u0437\u0438\u0440\u043e\u0432\u0430\u043d\u043d\u0430\u044f <a href=\"http:\/\/www.xn--tuksimaailm-ffb.ee\/elektrilise-toukeratta-remont\/\">\u043c\u0430\u0441\u0442\u0435\u0440\u0441\u043a\u0430\u044f<\/a> \u043f\u043e \u0440\u0435\u043c\u043e\u043d\u0442\u0443 \u044d\u043b\u0435\u043a\u0442\u0440\u043e\u0441\u043a\u0443\u0442\u0435\u0440\u043e\u0432.<\/p>\n","protected":false},"excerpt":{"rendered":"<p>\u0411\u0430\u0442\u0430\u0440\u0435\u044f Xiaomi M365 Pro 2 BMS (\u0442\u0430\u043a\u0436\u0435 \u043f\u043b\u0430\u0442\u0430 \u0443\u043f\u0440\u0430\u0432\u043b\u0435\u043d\u0438\u044f, \u043c\u043e\u0434\u0443\u043b\u044c \u0443\u043f\u0440\u0430\u0432\u043b\u0435\u043d\u0438\u044f, \u0441\u0438\u0441\u0442\u0435\u043c\u0430 \u0443\u043f\u0440\u0430\u0432\u043b\u0435\u043d\u0438\u044f \u0431\u0430\u0442\u0430\u0440\u0435\u0435\u0439). \u0410\u043a\u043a\u0443\u043c\u0443\u043b\u044f\u0442\u043e\u0440\u043d\u0430\u044f BMS \u0434\u043b\u044f Xiaomi Mi M365 Pro 2 \u0441\u043e\u0432\u043c\u0435\u0441\u0442\u0438\u043c\u0430 \u0441 \u043e\u0440\u0438\u0433\u0438\u043d\u0430\u043b\u044c\u043d\u044b\u043c\u0438 \u0430\u043a\u043a\u0443\u043c\u0443\u043b\u044f\u0442\u043e\u0440\u043d\u044b\u043c\u0438 \u0431\u043b\u043e\u043a\u0430\u043c\u0438 Mijia \u0434\u043b\u044f \u043c\u043e\u0434\u0435\u043b\u0435\u0439 Xiaomi M365 Pro \u0438 Xiaomi Mi Pro 2. \u0415\u0441\u043b\u0438 \u0432\u043e\u0437\u043d\u0438\u043a\u0430\u0435\u0442 \u043f\u0440\u043e\u0431\u043b\u0435\u043c\u0430 \u0441 \u0430\u043a\u043a\u0443\u043c\u0443\u043b\u044f\u0442\u043e\u0440\u043d\u044b\u043c \u0431\u043b\u043e\u043a\u043e\u043c \u0441\u0430\u043c\u043e\u043a\u0430\u0442\u0430, \u0442\u043e \u0432 90% \u0441\u043b\u0443\u0447\u0430\u0435\u0432 (\u043d\u0430 &hellip;<\/p>\n","protected":false},"featured_media":19648,"template":"","meta":[],"product_brand":[],"product_cat":[757],"product_tag":[1519],"filter_elektritoukeratas":[2613,2612],"class_list":{"0":"post-59912","1":"product","2":"type-product","3":"status-publish","4":"has-post-thumbnail","6":"product_cat-757","7":"product_tag-xiaomi-varuosad-ru","8":"pa_tootetuup-bmsid-ru","9":"filter_elektritoukeratas-ft_xiaomi_1s_mi3_pro_2_3_lite","10":"filter_elektritoukeratas-ft_xiaomi_m365_m365_pro_essential","12":"first","13":"instock","14":"taxable","15":"shipping-taxable","16":"purchasable","17":"product-type-simple"},"yoast_head":"<!-- This site is optimized with the Yoast SEO Premium plugin v26.8 (Yoast SEO v27.5) - https:\/\/yoast.com\/product\/yoast-seo-premium-wordpress\/ -->\n<title>\u0410\u043a\u043a\u0443\u043c\u0443\u043b\u044f\u0442\u043e\u0440 Xiaomi M365 Pro 2 BMS &#8212; T\u00f5uksimaailm<\/title>\n<meta name=\"robots\" content=\"index, follow, max-snippet:-1, max-image-preview:large, max-video-preview:-1\" \/>\n<link rel=\"canonical\" href=\"https:\/\/www.xn--tuksimaailm-ffb.ee\/ru\/\u043f\u0440\u043e\u0434\u0443\u043a\u0442\/%d0%b0%d0%ba%d0%ba%d1%83%d0%bc%d1%83%d0%bb%d1%8f%d1%82%d0%be%d1%80-xiaomi-m365-pro-2-bms\/\" \/>\n<meta property=\"og:locale\" content=\"ru_RU\" \/>\n<meta property=\"og:type\" content=\"article\" \/>\n<meta property=\"og:title\" content=\"\u0410\u043a\u043a\u0443\u043c\u0443\u043b\u044f\u0442\u043e\u0440 Xiaomi M365 Pro 2 BMS\" \/>\n<meta property=\"og:description\" content=\"\u0411\u0430\u0442\u0430\u0440\u0435\u044f Xiaomi M365 Pro 2 BMS (\u0442\u0430\u043a\u0436\u0435 \u043f\u043b\u0430\u0442\u0430 \u0443\u043f\u0440\u0430\u0432\u043b\u0435\u043d\u0438\u044f, \u043c\u043e\u0434\u0443\u043b\u044c \u0443\u043f\u0440\u0430\u0432\u043b\u0435\u043d\u0438\u044f, \u0441\u0438\u0441\u0442\u0435\u043c\u0430 \u0443\u043f\u0440\u0430\u0432\u043b\u0435\u043d\u0438\u044f \u0431\u0430\u0442\u0430\u0440\u0435\u0435\u0439). \u0410\u043a\u043a\u0443\u043c\u0443\u043b\u044f\u0442\u043e\u0440\u043d\u0430\u044f BMS \u0434\u043b\u044f Xiaomi Mi M365 Pro 2 \u0441\u043e\u0432\u043c\u0435\u0441\u0442\u0438\u043c\u0430 \u0441 \u043e\u0440\u0438\u0433\u0438\u043d\u0430\u043b\u044c\u043d\u044b\u043c\u0438 \u0430\u043a\u043a\u0443\u043c\u0443\u043b\u044f\u0442\u043e\u0440\u043d\u044b\u043c\u0438 \u0431\u043b\u043e\u043a\u0430\u043c\u0438 Mijia \u0434\u043b\u044f \u043c\u043e\u0434\u0435\u043b\u0435\u0439 Xiaomi M365 Pro \u0438 Xiaomi Mi Pro 2. \u0415\u0441\u043b\u0438 \u0432\u043e\u0437\u043d\u0438\u043a\u0430\u0435\u0442 \u043f\u0440\u043e\u0431\u043b\u0435\u043c\u0430 \u0441 \u0430\u043a\u043a\u0443\u043c\u0443\u043b\u044f\u0442\u043e\u0440\u043d\u044b\u043c \u0431\u043b\u043e\u043a\u043e\u043c \u0441\u0430\u043c\u043e\u043a\u0430\u0442\u0430, \u0442\u043e \u0432 90% \u0441\u043b\u0443\u0447\u0430\u0435\u0432 (\u043d\u0430 &hellip;\" \/>\n<meta property=\"og:url\" content=\"https:\/\/www.xn--tuksimaailm-ffb.ee\/ru\/\u043f\u0440\u043e\u0434\u0443\u043a\u0442\/%d0%b0%d0%ba%d0%ba%d1%83%d0%bc%d1%83%d0%bb%d1%8f%d1%82%d0%be%d1%80-xiaomi-m365-pro-2-bms\/\" \/>\n<meta property=\"og:site_name\" content=\"T\u00f5uksimaailm\" \/>\n<meta property=\"article:publisher\" content=\"https:\/\/www.facebook.com\/touksimaailm\/\" \/>\n<meta property=\"og:image\" content=\"https:\/\/www.xn--tuksimaailm-ffb.ee\/wp-content\/uploads\/2020\/12\/bms_xiaomi_pro2.jpg\" \/>\n\t<meta property=\"og:image:width\" content=\"1200\" \/>\n\t<meta property=\"og:image:height\" content=\"1200\" \/>\n\t<meta property=\"og:image:type\" content=\"image\/jpeg\" \/>\n<meta name=\"twitter:card\" content=\"summary_large_image\" \/>\n<meta name=\"twitter:label1\" content=\"\u0426\u0435\u043d\u0430\" \/>\n\t<meta name=\"twitter:data1\" content=\"&euro;99.50\" \/>\n\t<meta name=\"twitter:label2\" content=\"\u0414\u043e\u0441\u0442\u0443\u043f\u043d\u043e\u0441\u0442\u044c\" \/>\n\t<meta name=\"twitter:data2\" content=\"\u0412 \u043d\u0430\u043b\u0438\u0447\u0438\u0438\" \/>\n<meta property=\"product:price:amount\" content=\"99.50\" \/>\n<meta property=\"product:price:currency\" content=\"EUR\" \/>\n<meta property=\"og:availability\" content=\"instock\" \/>\n<meta property=\"product:availability\" content=\"instock\" \/>\n<meta property=\"product:retailer_item_id\" content=\"BMS-PRO2\" \/>\n<meta property=\"product:condition\" content=\"new\" \/>\n<!-- \/ Yoast SEO Premium plugin. -->","yoast_head_json":{"title":"\u0410\u043a\u043a\u0443\u043c\u0443\u043b\u044f\u0442\u043e\u0440 Xiaomi M365 Pro 2 BMS &#8212; T\u00f5uksimaailm","robots":{"index":"index","follow":"follow","max-snippet":"max-snippet:-1","max-image-preview":"max-image-preview:large","max-video-preview":"max-video-preview:-1"},"canonical":"https:\/\/www.xn--tuksimaailm-ffb.ee\/ru\/\u043f\u0440\u043e\u0434\u0443\u043a\u0442\/%d0%b0%d0%ba%d0%ba%d1%83%d0%bc%d1%83%d0%bb%d1%8f%d1%82%d0%be%d1%80-xiaomi-m365-pro-2-bms\/","og_locale":"ru_RU","og_type":"article","og_title":"\u0410\u043a\u043a\u0443\u043c\u0443\u043b\u044f\u0442\u043e\u0440 Xiaomi M365 Pro 2 BMS","og_description":"\u0411\u0430\u0442\u0430\u0440\u0435\u044f Xiaomi M365 Pro 2 BMS (\u0442\u0430\u043a\u0436\u0435 \u043f\u043b\u0430\u0442\u0430 \u0443\u043f\u0440\u0430\u0432\u043b\u0435\u043d\u0438\u044f, \u043c\u043e\u0434\u0443\u043b\u044c \u0443\u043f\u0440\u0430\u0432\u043b\u0435\u043d\u0438\u044f, \u0441\u0438\u0441\u0442\u0435\u043c\u0430 \u0443\u043f\u0440\u0430\u0432\u043b\u0435\u043d\u0438\u044f \u0431\u0430\u0442\u0430\u0440\u0435\u0435\u0439). \u0410\u043a\u043a\u0443\u043c\u0443\u043b\u044f\u0442\u043e\u0440\u043d\u0430\u044f BMS \u0434\u043b\u044f Xiaomi Mi M365 Pro 2 \u0441\u043e\u0432\u043c\u0435\u0441\u0442\u0438\u043c\u0430 \u0441 \u043e\u0440\u0438\u0433\u0438\u043d\u0430\u043b\u044c\u043d\u044b\u043c\u0438 \u0430\u043a\u043a\u0443\u043c\u0443\u043b\u044f\u0442\u043e\u0440\u043d\u044b\u043c\u0438 \u0431\u043b\u043e\u043a\u0430\u043c\u0438 Mijia \u0434\u043b\u044f \u043c\u043e\u0434\u0435\u043b\u0435\u0439 Xiaomi M365 Pro \u0438 Xiaomi Mi Pro 2. \u0415\u0441\u043b\u0438 \u0432\u043e\u0437\u043d\u0438\u043a\u0430\u0435\u0442 \u043f\u0440\u043e\u0431\u043b\u0435\u043c\u0430 \u0441 \u0430\u043a\u043a\u0443\u043c\u0443\u043b\u044f\u0442\u043e\u0440\u043d\u044b\u043c \u0431\u043b\u043e\u043a\u043e\u043c \u0441\u0430\u043c\u043e\u043a\u0430\u0442\u0430, \u0442\u043e \u0432 90% \u0441\u043b\u0443\u0447\u0430\u0435\u0432 (\u043d\u0430 &hellip;","og_url":"https:\/\/www.xn--tuksimaailm-ffb.ee\/ru\/\u043f\u0440\u043e\u0434\u0443\u043a\u0442\/%d0%b0%d0%ba%d0%ba%d1%83%d0%bc%d1%83%d0%bb%d1%8f%d1%82%d0%be%d1%80-xiaomi-m365-pro-2-bms\/","og_site_name":"T\u00f5uksimaailm","article_publisher":"https:\/\/www.facebook.com\/touksimaailm\/","og_image":[{"width":1200,"height":1200,"url":"https:\/\/www.xn--tuksimaailm-ffb.ee\/wp-content\/uploads\/2020\/12\/bms_xiaomi_pro2.jpg","type":"image\/jpeg"}],"twitter_card":"summary_large_image","twitter_misc":{"\u0426\u0435\u043d\u0430":"&euro;99.50","\u0414\u043e\u0441\u0442\u0443\u043f\u043d\u043e\u0441\u0442\u044c":"\u0412 \u043d\u0430\u043b\u0438\u0447\u0438\u0438"},"schema":{"@context":"https:\/\/schema.org","@graph":[{"@type":"WebPage","@id":"https:\/\/www.xn--tuksimaailm-ffb.ee\/ru\/\u043f\u0440\u043e\u0434\u0443\u043a\u0442\/%d0%b0%d0%ba%d0%ba%d1%83%d0%bc%d1%83%d0%bb%d1%8f%d1%82%d0%be%d1%80-xiaomi-m365-pro-2-bms\/","url":"https:\/\/www.xn--tuksimaailm-ffb.ee\/ru\/\u043f\u0440\u043e\u0434\u0443\u043a\u0442\/%d0%b0%d0%ba%d0%ba%d1%83%d0%bc%d1%83%d0%bb%d1%8f%d1%82%d0%be%d1%80-xiaomi-m365-pro-2-bms\/","name":"\u0410\u043a\u043a\u0443\u043c\u0443\u043b\u044f\u0442\u043e\u0440 Xiaomi M365 Pro 2 BMS &#8212; T\u00f5uksimaailm","isPartOf":{"@id":"https:\/\/www.xn--tuksimaailm-ffb.ee\/ru\/#website"},"primaryImageOfPage":{"@id":"https:\/\/www.xn--tuksimaailm-ffb.ee\/ru\/\u043f\u0440\u043e\u0434\u0443\u043a\u0442\/%d0%b0%d0%ba%d0%ba%d1%83%d0%bc%d1%83%d0%bb%d1%8f%d1%82%d0%be%d1%80-xiaomi-m365-pro-2-bms\/#primaryimage"},"image":{"@id":"https:\/\/www.xn--tuksimaailm-ffb.ee\/ru\/\u043f\u0440\u043e\u0434\u0443\u043a\u0442\/%d0%b0%d0%ba%d0%ba%d1%83%d0%bc%d1%83%d0%bb%d1%8f%d1%82%d0%be%d1%80-xiaomi-m365-pro-2-bms\/#primaryimage"},"thumbnailUrl":"https:\/\/www.xn--tuksimaailm-ffb.ee\/wp-content\/uploads\/2020\/12\/bms_xiaomi_pro2.jpg","datePublished":"2020-12-30T15:18:11+00:00","breadcrumb":{"@id":"https:\/\/www.xn--tuksimaailm-ffb.ee\/ru\/\u043f\u0440\u043e\u0434\u0443\u043a\u0442\/%d0%b0%d0%ba%d0%ba%d1%83%d0%bc%d1%83%d0%bb%d1%8f%d1%82%d0%be%d1%80-xiaomi-m365-pro-2-bms\/#breadcrumb"},"inLanguage":"ru-RU","potentialAction":[{"@type":"ReadAction","target":["https:\/\/www.xn--tuksimaailm-ffb.ee\/ru\/\u043f\u0440\u043e\u0434\u0443\u043a\u0442\/%d0%b0%d0%ba%d0%ba%d1%83%d0%bc%d1%83%d0%bb%d1%8f%d1%82%d0%be%d1%80-xiaomi-m365-pro-2-bms\/"]}]},{"@type":"ImageObject","inLanguage":"ru-RU","@id":"https:\/\/www.xn--tuksimaailm-ffb.ee\/ru\/\u043f\u0440\u043e\u0434\u0443\u043a\u0442\/%d0%b0%d0%ba%d0%ba%d1%83%d0%bc%d1%83%d0%bb%d1%8f%d1%82%d0%be%d1%80-xiaomi-m365-pro-2-bms\/#primaryimage","url":"https:\/\/www.xn--tuksimaailm-ffb.ee\/wp-content\/uploads\/2020\/12\/bms_xiaomi_pro2.jpg","contentUrl":"https:\/\/www.xn--tuksimaailm-ffb.ee\/wp-content\/uploads\/2020\/12\/bms_xiaomi_pro2.jpg","width":1200,"height":1200,"caption":"xiaomi M365 Pro 2 aku BMS 2"},{"@type":"BreadcrumbList","@id":"https:\/\/www.xn--tuksimaailm-ffb.ee\/ru\/\u043f\u0440\u043e\u0434\u0443\u043a\u0442\/%d0%b0%d0%ba%d0%ba%d1%83%d0%bc%d1%83%d0%bb%d1%8f%d1%82%d0%be%d1%80-xiaomi-m365-pro-2-bms\/#breadcrumb","itemListElement":[{"@type":"ListItem","position":1,"name":"Home","item":"https:\/\/www.xn--tuksimaailm-ffb.ee\/ru\/frontpage\/"},{"@type":"ListItem","position":2,"name":"\u041c\u0410\u0413\u0410\u0417\u0418\u041d","item":"https:\/\/www.xn--tuksimaailm-ffb.ee\/elektritoukerataste-pood\/"},{"@type":"ListItem","position":3,"name":"\u0410\u043a\u043a\u0443\u043c\u0443\u043b\u044f\u0442\u043e\u0440 Xiaomi M365 Pro 2 BMS"}]},{"@type":"WebSite","@id":"https:\/\/www.xn--tuksimaailm-ffb.ee\/ru\/#website","url":"https:\/\/www.xn--tuksimaailm-ffb.ee\/ru\/","name":"T\u00f5uksimaailm","description":"Elektrit\u00f5ukerataste m\u00fc\u00fck, remont ja rent","publisher":{"@id":"https:\/\/www.xn--tuksimaailm-ffb.ee\/ru\/#organization"},"potentialAction":[{"@type":"SearchAction","target":{"@type":"EntryPoint","urlTemplate":"https:\/\/www.xn--tuksimaailm-ffb.ee\/ru\/?s={search_term_string}"},"query-input":{"@type":"PropertyValueSpecification","valueRequired":true,"valueName":"search_term_string"}}],"inLanguage":"ru-RU"},{"@type":"Organization","@id":"https:\/\/www.xn--tuksimaailm-ffb.ee\/ru\/#organization","name":"T\u00f5uksimaailm","url":"https:\/\/www.xn--tuksimaailm-ffb.ee\/ru\/","logo":{"@type":"ImageObject","inLanguage":"ru-RU","@id":"https:\/\/www.xn--tuksimaailm-ffb.ee\/ru\/#\/schema\/logo\/image\/","url":"https:\/\/www.xn--tuksimaailm-ffb.ee\/wp-content\/uploads\/2020\/01\/logoz-e1579792875517.png","contentUrl":"https:\/\/www.xn--tuksimaailm-ffb.ee\/wp-content\/uploads\/2020\/01\/logoz-e1579792875517.png","width":250,"height":250,"caption":"T\u00f5uksimaailm"},"image":{"@id":"https:\/\/www.xn--tuksimaailm-ffb.ee\/ru\/#\/schema\/logo\/image\/"},"sameAs":["https:\/\/www.facebook.com\/touksimaailm\/","https:\/\/www.instagram.com\/touksimaailm_\/","https:\/\/www.youtube.com\/channel\/UC18ml0EKIDLP1xGuQjFzcXQ"]}]},"product_price_amount":"99.50","product_price_currency":"EUR","og_availability":"instock","product_availability":"instock","product_retailer_item_id":"BMS-PRO2","product_condition":"new"},"jetpack_sharing_enabled":true,"_links":{"self":[{"href":"https:\/\/www.xn--tuksimaailm-ffb.ee\/ru\/wp-json\/wp\/v2\/product\/59912","targetHints":{"allow":["GET"]}}],"collection":[{"href":"https:\/\/www.xn--tuksimaailm-ffb.ee\/ru\/wp-json\/wp\/v2\/product"}],"about":[{"href":"https:\/\/www.xn--tuksimaailm-ffb.ee\/ru\/wp-json\/wp\/v2\/types\/product"}],"wp:featuredmedia":[{"embeddable":true,"href":"https:\/\/www.xn--tuksimaailm-ffb.ee\/ru\/wp-json\/wp\/v2\/media\/19648"}],"wp:attachment":[{"href":"https:\/\/www.xn--tuksimaailm-ffb.ee\/ru\/wp-json\/wp\/v2\/media?parent=59912"}],"wp:term":[{"taxonomy":"product_brand","embeddable":true,"href":"https:\/\/www.xn--tuksimaailm-ffb.ee\/ru\/wp-json\/wp\/v2\/product_brand?post=59912"},{"taxonomy":"product_cat","embeddable":true,"href":"https:\/\/www.xn--tuksimaailm-ffb.ee\/ru\/wp-json\/wp\/v2\/product_cat?post=59912"},{"taxonomy":"product_tag","embeddable":true,"href":"https:\/\/www.xn--tuksimaailm-ffb.ee\/ru\/wp-json\/wp\/v2\/product_tag?post=59912"},{"taxonomy":"filter_elektritoukeratas","embeddable":true,"href":"https:\/\/www.xn--tuksimaailm-ffb.ee\/ru\/wp-json\/wp\/v2\/filter_elektritoukeratas?post=59912"}],"curies":[{"name":"wp","href":"https:\/\/api.w.org\/{rel}","templated":true}]}}