{"id":70141,"date":"2022-02-20T12:49:50","date_gmt":"2022-02-20T10:49:50","guid":{"rendered":"https:\/\/www.xn--tuksimaailm-ffb.ee\/shop\/%d0%ba%d0%be%d0%bc%d0%bf%d0%b0%d0%ba%d1%82%d0%bd%d1%8b%d0%b9-%d0%b7%d0%b0%d0%bc%d0%be%d0%ba-%d1%81-%d0%b4%d0%b5%d1%80%d0%b6%d0%b0%d1%82%d0%b5%d0%bb%d0%b5%d0%bc-abus-bordo-6000\/"},"modified":"2022-02-20T12:49:50","modified_gmt":"2022-02-20T10:49:50","slug":"%d0%ba%d0%be%d0%bc%d0%bf%d0%b0%d0%ba%d1%82%d0%bd%d1%8b%d0%b9-%d0%b7%d0%b0%d0%bc%d0%be%d0%ba-%d1%81-%d0%b4%d0%b5%d1%80%d0%b6%d0%b0%d1%82%d0%b5%d0%bb%d0%b5%d0%bc-abus-bordo-6000","status":"publish","type":"product","link":"https:\/\/www.xn--tuksimaailm-ffb.ee\/ru\/\u043f\u0440\u043e\u0434\u0443\u043a\u0442\/%d0%ba%d0%be%d0%bc%d0%bf%d0%b0%d0%ba%d1%82%d0%bd%d1%8b%d0%b9-%d0%b7%d0%b0%d0%bc%d0%be%d0%ba-%d1%81-%d0%b4%d0%b5%d1%80%d0%b6%d0%b0%d1%82%d0%b5%d0%bb%d0%b5%d0%bc-abus-bordo-6000\/","title":{"rendered":"\u041a\u043e\u043c\u043f\u0430\u043a\u0442\u043d\u044b\u0439 \u0437\u0430\u043c\u043e\u043a \u0441 \u0434\u0435\u0440\u0436\u0430\u0442\u0435\u043b\u0435\u043c Abus Bordo 6000"},"content":{"rendered":"<p>\u041d\u0435\u043c\u0435\u0446\u043a\u0438\u0439 \u043f\u0440\u043e\u0438\u0437\u0432\u043e\u0434\u0438\u0442\u0435\u043b\u044c \u0437\u0430\u043c\u043a\u043e\u0432 Abus \u043f\u0440\u0435\u0434\u043b\u0430\u0433\u0430\u0435\u0442 \u043a\u0430\u0447\u0435\u0441\u0442\u0432\u0435\u043d\u043d\u044b\u0439, \u043a\u043e\u043c\u043f\u0430\u043a\u0442\u043d\u044b\u0439, \u0441\u0442\u0438\u043b\u044c\u043d\u044b\u0439 \u0438 \u043e\u0447\u0435\u043d\u044c \u043d\u0430\u0434\u0435\u0436\u043d\u044b\u0439 \u0448\u043b\u0435\u0439\u043a\u043e\u0432\u044b\u0439 \u0437\u0430\u043c\u043e\u043a <b>Abus Bordo 6000<\/b> \u0447\u0435\u0440\u043d\u043e\u0433\u043e \u0438\u043b\u0438 <b>\u043a\u0440\u0430\u0441\u043d\u043e\u0433\u043e<\/b> \u0446\u0432\u0435\u0442\u0430. \u041e\u0441\u043e\u0431\u0435\u043d\u043d\u043e \u043a\u043e\u043c\u043f\u0430\u043a\u0442\u043d\u044b\u0439 \u0446\u0435\u043f\u043d\u043e\u0439 \u0437\u0430\u043c\u043e\u043a, \u043a\u043e\u0442\u043e\u0440\u044b\u0439 \u043c\u043e\u0436\u043d\u043e \u043b\u0435\u0433\u043a\u043e \u043f\u0440\u0438\u043a\u0440\u0435\u043f\u0438\u0442\u044c \u0441 \u043f\u043e\u043c\u043e\u0449\u044c\u044e \u0440\u0435\u043c\u043d\u0435\u0439 \u0438 \u0437\u0430\u043c\u043a\u0430, \u0432\u0445\u043e\u0434\u044f\u0449\u0438\u0445 \u0432 \u043a\u043e\u043c\u043f\u043b\u0435\u043a\u0442, \u043a \u0440\u0443\u043b\u044e \u0430\u0431\u0441\u043e\u043b\u044e\u0442\u043d\u043e \u043b\u044e\u0431\u043e\u0433\u043e \u044d\u043b\u0435\u043a\u0442\u0440\u043e\u0441\u0430\u043c\u043e\u043a\u0430\u0442\u0430. \u0417\u0432\u0435\u043d\u044c\u044f \u0437\u0430\u043c\u043a\u0430 \u0438\u043c\u0435\u044e\u0442 <b>\u0442\u043e\u043b\u0449\u0438\u043d\u0443 5 \u043c\u043c<\/b>, \u0438 \u0438\u0445 \u043d\u0435\u0432\u043e\u0437\u043c\u043e\u0436\u043d\u043e \u043f\u0435\u0440\u0435\u0440\u0435\u0437\u0430\u0442\u044c \u0434\u0430\u0436\u0435 \u0441\u0430\u043c\u044b\u043c\u0438 \u0431\u043e\u043b\u044c\u0448\u0438\u043c\u0438 \u043a\u0443\u0441\u0430\u0447\u043a\u0430\u043c\u0438. \u0412 \u0442\u043e \u0436\u0435 \u0432\u0440\u0435\u043c\u044f \u0437\u0432\u0435\u043d\u044c\u044f \u0434\u043e\u0441\u0442\u0430\u0442\u043e\u0447\u043d\u043e \u0443\u0437\u043a\u0438\u0435, \u0447\u0442\u043e\u0431\u044b \u0443\u0434\u043e\u0431\u043d\u043e \u043f\u0440\u043e\u0445\u043e\u0434\u0438\u0442\u044c \u0447\u0435\u0440\u0435\u0437 \u0431\u043e\u043b\u044c\u0448\u0438\u043d\u0441\u0442\u0432\u043e \u043e\u0431\u043e\u0434\u043e\u0432 \u044d\u043b\u0435\u043a\u0442\u0440\u043e\u0441\u0430\u043c\u043e\u043a\u0430\u0442\u043e\u0432 (\u0431\u0435\u0437 \u043c\u043e\u0442\u043e\u0440\u0430), \u0447\u0442\u043e \u0434\u0435\u043b\u0430\u0435\u0442 \u0437\u0430\u043f\u0438\u0440\u0430\u043d\u0438\u0435 \u0431\u044b\u0441\u0442\u0440\u044b\u043c \u0438 \u043f\u0440\u043e\u0441\u0442\u044b\u043c. \u0417\u0432\u0435\u043d\u044c\u044f Abus Bordo 6000 \u043f\u043e\u043a\u0440\u044b\u0442\u044b \u0441\u043f\u0435\u0446\u0438\u0430\u043b\u044c\u043d\u044b\u043c \u0441\u043c\u044f\u0433\u0447\u0430\u044e\u0449\u0438\u043c \u043c\u0430\u0442\u0435\u0440\u0438\u0430\u043b\u043e\u043c, \u0447\u0442\u043e\u0431\u044b \u043f\u0440\u0438 \u0438\u0441\u043f\u043e\u043b\u044c\u0437\u043e\u0432\u0430\u043d\u0438\u0438 \u0437\u0430\u043c\u043a\u0430 \u043d\u0435 \u043f\u043e\u0432\u0440\u0435\u0434\u0438\u0442\u044c \u044d\u043b\u0435\u043a\u0442\u0440\u043e\u0441\u0430\u043c\u043e\u043a\u0430\u0442 \u0438\u043b\u0438 \u043a\u0440\u0430\u0441\u043a\u0443. \u0414\u043b\u0438\u043d\u0430 Abus Bordo 6000 \u0441\u043e\u0441\u0442\u0430\u0432\u043b\u044f\u0435\u0442<b> 900 \u043c\u043c<\/b>, \u0432 \u043a\u043e\u043c\u043f\u043b\u0435\u043a\u0442 \u0441 \u0437\u0430\u043c\u043a\u043e\u043c \u0432\u0445\u043e\u0434\u044f\u0442 <b>2 \u043a\u043b\u044e\u0447\u0430.<\/b> \u0411\u043e\u043b\u0435\u0435 \u043f\u043e\u0434\u0440\u043e\u0431\u043d\u0443\u044e \u0438\u043d\u0444\u043e\u0440\u043c\u0430\u0446\u0438\u044e \u043e \u0437\u0430\u043c\u043a\u0435 Abus Bordo 6000 \u043c\u043e\u0436\u043d\u043e \u043d\u0430\u0439\u0442\u0438 \u043d\u0430 <a href=\"https:\/\/mobil.abus.com\/int\/on-road\/Locks\/Folding-Locks\/BORDO-6000-90-black-SH?type=pdp\">\u0441\u0430\u0439\u0442\u0435<\/a> \u043f\u0440\u043e\u0438\u0437\u0432\u043e\u0434\u0438\u0442\u0435\u043b\u044f.<\/p>\n","protected":false},"excerpt":{"rendered":"<p><a href=\"http:\/\/www.xn--tuksimaailm-ffb.ee\/kontakt\/\"><b><strong>\u041d\u0430\u0448\u043b\u0438 \u0431\u043e\u043b\u0435\u0435 \u0432\u044b\u0433\u043e\u0434\u043d\u0443\u044e \u0446\u0435\u043d\u0443? \u041d\u0430\u043f\u0438\u0448\u0438\u0442\u0435 \u043d\u0430\u043c, \u0438 \u043c\u044b \u0441\u0434\u0435\u043b\u0430\u0435\u043c \u0432\u0430\u043c \u043b\u0443\u0447\u0448\u0435\u0435 \u043f\u0440\u0435\u0434\u043b\u043e\u0436\u0435\u043d\u0438\u0435!<\/strong><\/b><\/a><\/p>\n","protected":false},"featured_media":17204,"template":"","meta":[],"product_brand":[],"product_cat":[756],"product_tag":[],"filter_elektritoukeratas":[],"class_list":{"0":"post-70141","1":"product","2":"type-product","3":"status-publish","4":"has-post-thumbnail","6":"product_cat-756","8":"first","9":"instock","10":"taxable","11":"shipping-taxable","12":"purchasable","13":"product-type-variable"},"yoast_head":"<!-- This site is optimized with the Yoast SEO Premium plugin v26.8 (Yoast SEO v27.5) - https:\/\/yoast.com\/product\/yoast-seo-premium-wordpress\/ -->\n<title>\u041a\u043e\u043c\u043f\u0430\u043a\u0442\u043d\u044b\u0439 \u0437\u0430\u043c\u043e\u043a \u0441 \u0434\u0435\u0440\u0436\u0430\u0442\u0435\u043b\u0435\u043c Abus Bordo 6000 &#8212; T\u00f5uksimaailm<\/title>\n<meta name=\"robots\" content=\"index, follow, max-snippet:-1, max-image-preview:large, max-video-preview:-1\" \/>\n<link rel=\"canonical\" href=\"https:\/\/www.xn--tuksimaailm-ffb.ee\/ru\/\u043f\u0440\u043e\u0434\u0443\u043a\u0442\/%d0%ba%d0%be%d0%bc%d0%bf%d0%b0%d0%ba%d1%82%d0%bd%d1%8b%d0%b9-%d0%b7%d0%b0%d0%bc%d0%be%d0%ba-%d1%81-%d0%b4%d0%b5%d1%80%d0%b6%d0%b0%d1%82%d0%b5%d0%bb%d0%b5%d0%bc-abus-bordo-6000\/\" \/>\n<meta property=\"og:locale\" content=\"ru_RU\" \/>\n<meta property=\"og:type\" content=\"article\" \/>\n<meta property=\"og:title\" content=\"\u041a\u043e\u043c\u043f\u0430\u043a\u0442\u043d\u044b\u0439 \u0437\u0430\u043c\u043e\u043a \u0441 \u0434\u0435\u0440\u0436\u0430\u0442\u0435\u043b\u0435\u043c Abus Bordo 6000\" \/>\n<meta property=\"og:description\" content=\"\u041d\u0430\u0448\u043b\u0438 \u0431\u043e\u043b\u0435\u0435 \u0432\u044b\u0433\u043e\u0434\u043d\u0443\u044e \u0446\u0435\u043d\u0443? \u041d\u0430\u043f\u0438\u0448\u0438\u0442\u0435 \u043d\u0430\u043c, \u0438 \u043c\u044b \u0441\u0434\u0435\u043b\u0430\u0435\u043c \u0432\u0430\u043c \u043b\u0443\u0447\u0448\u0435\u0435 \u043f\u0440\u0435\u0434\u043b\u043e\u0436\u0435\u043d\u0438\u0435!\" \/>\n<meta property=\"og:url\" content=\"https:\/\/www.xn--tuksimaailm-ffb.ee\/ru\/\u043f\u0440\u043e\u0434\u0443\u043a\u0442\/%d0%ba%d0%be%d0%bc%d0%bf%d0%b0%d0%ba%d1%82%d0%bd%d1%8b%d0%b9-%d0%b7%d0%b0%d0%bc%d0%be%d0%ba-%d1%81-%d0%b4%d0%b5%d1%80%d0%b6%d0%b0%d1%82%d0%b5%d0%bb%d0%b5%d0%bc-abus-bordo-6000\/\" \/>\n<meta property=\"og:site_name\" content=\"T\u00f5uksimaailm\" \/>\n<meta property=\"article:publisher\" content=\"https:\/\/www.facebook.com\/touksimaailm\/\" \/>\n<meta property=\"og:image\" content=\"https:\/\/www.xn--tuksimaailm-ffb.ee\/wp-content\/uploads\/2022\/02\/lulilukk-6000-1.jpg\" \/>\n\t<meta property=\"og:image:width\" content=\"694\" \/>\n\t<meta property=\"og:image:height\" content=\"728\" \/>\n\t<meta property=\"og:image:type\" content=\"image\/jpeg\" \/>\n<meta name=\"twitter:card\" content=\"summary_large_image\" \/>\n<meta name=\"twitter:label1\" content=\"\u0414\u043e\u0441\u0442\u0443\u043f\u043d\u043e\u0441\u0442\u044c\" \/>\n\t<meta name=\"twitter:data1\" content=\"\u0412 \u043d\u0430\u043b\u0438\u0447\u0438\u0438\" \/>\n<meta property=\"og:availability\" content=\"instock\" \/>\n<meta property=\"product:availability\" content=\"instock\" \/>\n<meta property=\"product:condition\" content=\"new\" \/>\n<!-- \/ Yoast SEO Premium plugin. -->","yoast_head_json":{"title":"\u041a\u043e\u043c\u043f\u0430\u043a\u0442\u043d\u044b\u0439 \u0437\u0430\u043c\u043e\u043a \u0441 \u0434\u0435\u0440\u0436\u0430\u0442\u0435\u043b\u0435\u043c Abus Bordo 6000 &#8212; T\u00f5uksimaailm","robots":{"index":"index","follow":"follow","max-snippet":"max-snippet:-1","max-image-preview":"max-image-preview:large","max-video-preview":"max-video-preview:-1"},"canonical":"https:\/\/www.xn--tuksimaailm-ffb.ee\/ru\/\u043f\u0440\u043e\u0434\u0443\u043a\u0442\/%d0%ba%d0%be%d0%bc%d0%bf%d0%b0%d0%ba%d1%82%d0%bd%d1%8b%d0%b9-%d0%b7%d0%b0%d0%bc%d0%be%d0%ba-%d1%81-%d0%b4%d0%b5%d1%80%d0%b6%d0%b0%d1%82%d0%b5%d0%bb%d0%b5%d0%bc-abus-bordo-6000\/","og_locale":"ru_RU","og_type":"article","og_title":"\u041a\u043e\u043c\u043f\u0430\u043a\u0442\u043d\u044b\u0439 \u0437\u0430\u043c\u043e\u043a \u0441 \u0434\u0435\u0440\u0436\u0430\u0442\u0435\u043b\u0435\u043c Abus Bordo 6000","og_description":"\u041d\u0430\u0448\u043b\u0438 \u0431\u043e\u043b\u0435\u0435 \u0432\u044b\u0433\u043e\u0434\u043d\u0443\u044e \u0446\u0435\u043d\u0443? \u041d\u0430\u043f\u0438\u0448\u0438\u0442\u0435 \u043d\u0430\u043c, \u0438 \u043c\u044b \u0441\u0434\u0435\u043b\u0430\u0435\u043c \u0432\u0430\u043c \u043b\u0443\u0447\u0448\u0435\u0435 \u043f\u0440\u0435\u0434\u043b\u043e\u0436\u0435\u043d\u0438\u0435!","og_url":"https:\/\/www.xn--tuksimaailm-ffb.ee\/ru\/\u043f\u0440\u043e\u0434\u0443\u043a\u0442\/%d0%ba%d0%be%d0%bc%d0%bf%d0%b0%d0%ba%d1%82%d0%bd%d1%8b%d0%b9-%d0%b7%d0%b0%d0%bc%d0%be%d0%ba-%d1%81-%d0%b4%d0%b5%d1%80%d0%b6%d0%b0%d1%82%d0%b5%d0%bb%d0%b5%d0%bc-abus-bordo-6000\/","og_site_name":"T\u00f5uksimaailm","article_publisher":"https:\/\/www.facebook.com\/touksimaailm\/","og_image":[{"width":694,"height":728,"url":"https:\/\/www.xn--tuksimaailm-ffb.ee\/wp-content\/uploads\/2022\/02\/lulilukk-6000-1.jpg","type":"image\/jpeg"}],"twitter_card":"summary_large_image","twitter_misc":{"\u0414\u043e\u0441\u0442\u0443\u043f\u043d\u043e\u0441\u0442\u044c":"\u0412 \u043d\u0430\u043b\u0438\u0447\u0438\u0438"},"schema":{"@context":"https:\/\/schema.org","@graph":[{"@type":"WebPage","@id":"https:\/\/www.xn--tuksimaailm-ffb.ee\/ru\/\u043f\u0440\u043e\u0434\u0443\u043a\u0442\/%d0%ba%d0%be%d0%bc%d0%bf%d0%b0%d0%ba%d1%82%d0%bd%d1%8b%d0%b9-%d0%b7%d0%b0%d0%bc%d0%be%d0%ba-%d1%81-%d0%b4%d0%b5%d1%80%d0%b6%d0%b0%d1%82%d0%b5%d0%bb%d0%b5%d0%bc-abus-bordo-6000\/","url":"https:\/\/www.xn--tuksimaailm-ffb.ee\/ru\/\u043f\u0440\u043e\u0434\u0443\u043a\u0442\/%d0%ba%d0%be%d0%bc%d0%bf%d0%b0%d0%ba%d1%82%d0%bd%d1%8b%d0%b9-%d0%b7%d0%b0%d0%bc%d0%be%d0%ba-%d1%81-%d0%b4%d0%b5%d1%80%d0%b6%d0%b0%d1%82%d0%b5%d0%bb%d0%b5%d0%bc-abus-bordo-6000\/","name":"\u041a\u043e\u043c\u043f\u0430\u043a\u0442\u043d\u044b\u0439 \u0437\u0430\u043c\u043e\u043a \u0441 \u0434\u0435\u0440\u0436\u0430\u0442\u0435\u043b\u0435\u043c Abus Bordo 6000 &#8212; T\u00f5uksimaailm","isPartOf":{"@id":"https:\/\/www.xn--tuksimaailm-ffb.ee\/ru\/#website"},"primaryImageOfPage":{"@id":"https:\/\/www.xn--tuksimaailm-ffb.ee\/ru\/\u043f\u0440\u043e\u0434\u0443\u043a\u0442\/%d0%ba%d0%be%d0%bc%d0%bf%d0%b0%d0%ba%d1%82%d0%bd%d1%8b%d0%b9-%d0%b7%d0%b0%d0%bc%d0%be%d0%ba-%d1%81-%d0%b4%d0%b5%d1%80%d0%b6%d0%b0%d1%82%d0%b5%d0%bb%d0%b5%d0%bc-abus-bordo-6000\/#primaryimage"},"image":{"@id":"https:\/\/www.xn--tuksimaailm-ffb.ee\/ru\/\u043f\u0440\u043e\u0434\u0443\u043a\u0442\/%d0%ba%d0%be%d0%bc%d0%bf%d0%b0%d0%ba%d1%82%d0%bd%d1%8b%d0%b9-%d0%b7%d0%b0%d0%bc%d0%be%d0%ba-%d1%81-%d0%b4%d0%b5%d1%80%d0%b6%d0%b0%d1%82%d0%b5%d0%bb%d0%b5%d0%bc-abus-bordo-6000\/#primaryimage"},"thumbnailUrl":"https:\/\/www.xn--tuksimaailm-ffb.ee\/wp-content\/uploads\/2022\/02\/lulilukk-6000-1.jpg","datePublished":"2022-02-20T10:49:50+00:00","breadcrumb":{"@id":"https:\/\/www.xn--tuksimaailm-ffb.ee\/ru\/\u043f\u0440\u043e\u0434\u0443\u043a\u0442\/%d0%ba%d0%be%d0%bc%d0%bf%d0%b0%d0%ba%d1%82%d0%bd%d1%8b%d0%b9-%d0%b7%d0%b0%d0%bc%d0%be%d0%ba-%d1%81-%d0%b4%d0%b5%d1%80%d0%b6%d0%b0%d1%82%d0%b5%d0%bb%d0%b5%d0%bc-abus-bordo-6000\/#breadcrumb"},"inLanguage":"ru-RU","potentialAction":[{"@type":"ReadAction","target":["https:\/\/www.xn--tuksimaailm-ffb.ee\/ru\/\u043f\u0440\u043e\u0434\u0443\u043a\u0442\/%d0%ba%d0%be%d0%bc%d0%bf%d0%b0%d0%ba%d1%82%d0%bd%d1%8b%d0%b9-%d0%b7%d0%b0%d0%bc%d0%be%d0%ba-%d1%81-%d0%b4%d0%b5%d1%80%d0%b6%d0%b0%d1%82%d0%b5%d0%bb%d0%b5%d0%bc-abus-bordo-6000\/"]}]},{"@type":"ImageObject","inLanguage":"ru-RU","@id":"https:\/\/www.xn--tuksimaailm-ffb.ee\/ru\/\u043f\u0440\u043e\u0434\u0443\u043a\u0442\/%d0%ba%d0%be%d0%bc%d0%bf%d0%b0%d0%ba%d1%82%d0%bd%d1%8b%d0%b9-%d0%b7%d0%b0%d0%bc%d0%be%d0%ba-%d1%81-%d0%b4%d0%b5%d1%80%d0%b6%d0%b0%d1%82%d0%b5%d0%bb%d0%b5%d0%bc-abus-bordo-6000\/#primaryimage","url":"https:\/\/www.xn--tuksimaailm-ffb.ee\/wp-content\/uploads\/2022\/02\/lulilukk-6000-1.jpg","contentUrl":"https:\/\/www.xn--tuksimaailm-ffb.ee\/wp-content\/uploads\/2022\/02\/lulilukk-6000-1.jpg","width":694,"height":728},{"@type":"BreadcrumbList","@id":"https:\/\/www.xn--tuksimaailm-ffb.ee\/ru\/\u043f\u0440\u043e\u0434\u0443\u043a\u0442\/%d0%ba%d0%be%d0%bc%d0%bf%d0%b0%d0%ba%d1%82%d0%bd%d1%8b%d0%b9-%d0%b7%d0%b0%d0%bc%d0%be%d0%ba-%d1%81-%d0%b4%d0%b5%d1%80%d0%b6%d0%b0%d1%82%d0%b5%d0%bb%d0%b5%d0%bc-abus-bordo-6000\/#breadcrumb","itemListElement":[{"@type":"ListItem","position":1,"name":"Home","item":"https:\/\/www.xn--tuksimaailm-ffb.ee\/ru\/frontpage\/"},{"@type":"ListItem","position":2,"name":"\u041c\u0410\u0413\u0410\u0417\u0418\u041d","item":"https:\/\/www.xn--tuksimaailm-ffb.ee\/elektritoukerataste-pood\/"},{"@type":"ListItem","position":3,"name":"\u041a\u043e\u043c\u043f\u0430\u043a\u0442\u043d\u044b\u0439 \u0437\u0430\u043c\u043e\u043a \u0441 \u0434\u0435\u0440\u0436\u0430\u0442\u0435\u043b\u0435\u043c Abus Bordo 6000"}]},{"@type":"WebSite","@id":"https:\/\/www.xn--tuksimaailm-ffb.ee\/ru\/#website","url":"https:\/\/www.xn--tuksimaailm-ffb.ee\/ru\/","name":"T\u00f5uksimaailm","description":"Elektrit\u00f5ukerataste m\u00fc\u00fck, remont ja rent","publisher":{"@id":"https:\/\/www.xn--tuksimaailm-ffb.ee\/ru\/#organization"},"potentialAction":[{"@type":"SearchAction","target":{"@type":"EntryPoint","urlTemplate":"https:\/\/www.xn--tuksimaailm-ffb.ee\/ru\/?s={search_term_string}"},"query-input":{"@type":"PropertyValueSpecification","valueRequired":true,"valueName":"search_term_string"}}],"inLanguage":"ru-RU"},{"@type":"Organization","@id":"https:\/\/www.xn--tuksimaailm-ffb.ee\/ru\/#organization","name":"T\u00f5uksimaailm","url":"https:\/\/www.xn--tuksimaailm-ffb.ee\/ru\/","logo":{"@type":"ImageObject","inLanguage":"ru-RU","@id":"https:\/\/www.xn--tuksimaailm-ffb.ee\/ru\/#\/schema\/logo\/image\/","url":"https:\/\/www.xn--tuksimaailm-ffb.ee\/wp-content\/uploads\/2020\/01\/logoz-e1579792875517.png","contentUrl":"https:\/\/www.xn--tuksimaailm-ffb.ee\/wp-content\/uploads\/2020\/01\/logoz-e1579792875517.png","width":250,"height":250,"caption":"T\u00f5uksimaailm"},"image":{"@id":"https:\/\/www.xn--tuksimaailm-ffb.ee\/ru\/#\/schema\/logo\/image\/"},"sameAs":["https:\/\/www.facebook.com\/touksimaailm\/","https:\/\/www.instagram.com\/touksimaailm_\/","https:\/\/www.youtube.com\/channel\/UC18ml0EKIDLP1xGuQjFzcXQ"]}]},"og_availability":"instock","product_availability":"instock","product_condition":"new"},"jetpack_sharing_enabled":true,"_links":{"self":[{"href":"https:\/\/www.xn--tuksimaailm-ffb.ee\/ru\/wp-json\/wp\/v2\/product\/70141","targetHints":{"allow":["GET"]}}],"collection":[{"href":"https:\/\/www.xn--tuksimaailm-ffb.ee\/ru\/wp-json\/wp\/v2\/product"}],"about":[{"href":"https:\/\/www.xn--tuksimaailm-ffb.ee\/ru\/wp-json\/wp\/v2\/types\/product"}],"wp:featuredmedia":[{"embeddable":true,"href":"https:\/\/www.xn--tuksimaailm-ffb.ee\/ru\/wp-json\/wp\/v2\/media\/17204"}],"wp:attachment":[{"href":"https:\/\/www.xn--tuksimaailm-ffb.ee\/ru\/wp-json\/wp\/v2\/media?parent=70141"}],"wp:term":[{"taxonomy":"product_brand","embeddable":true,"href":"https:\/\/www.xn--tuksimaailm-ffb.ee\/ru\/wp-json\/wp\/v2\/product_brand?post=70141"},{"taxonomy":"product_cat","embeddable":true,"href":"https:\/\/www.xn--tuksimaailm-ffb.ee\/ru\/wp-json\/wp\/v2\/product_cat?post=70141"},{"taxonomy":"product_tag","embeddable":true,"href":"https:\/\/www.xn--tuksimaailm-ffb.ee\/ru\/wp-json\/wp\/v2\/product_tag?post=70141"},{"taxonomy":"filter_elektritoukeratas","embeddable":true,"href":"https:\/\/www.xn--tuksimaailm-ffb.ee\/ru\/wp-json\/wp\/v2\/filter_elektritoukeratas?post=70141"}],"curies":[{"name":"wp","href":"https:\/\/api.w.org\/{rel}","templated":true}]}}