{"id":70210,"date":"2022-01-20T15:23:09","date_gmt":"2022-01-20T13:23:09","guid":{"rendered":"https:\/\/www.xn--tuksimaailm-ffb.ee\/shop\/%d0%b1%d1%8b%d1%81%d1%82%d1%80%d0%b0%d1%8f-%d0%b7%d0%b0%d1%80%d1%8f%d0%b4%d0%ba%d0%b0-dualtron-thunder-3a-60v-gx16\/"},"modified":"2022-01-20T15:23:09","modified_gmt":"2022-01-20T13:23:09","slug":"%d0%b1%d1%8b%d1%81%d1%82%d1%80%d0%b0%d1%8f-%d0%b7%d0%b0%d1%80%d1%8f%d0%b4%d0%ba%d0%b0-dualtron-thunder-3a-60v-gx16","status":"publish","type":"product","link":"https:\/\/www.xn--tuksimaailm-ffb.ee\/ru\/\u043f\u0440\u043e\u0434\u0443\u043a\u0442\/%d0%b1%d1%8b%d1%81%d1%82%d1%80%d0%b0%d1%8f-%d0%b7%d0%b0%d1%80%d1%8f%d0%b4%d0%ba%d0%b0-dualtron-thunder-3a-60v-gx16\/","title":{"rendered":"\u0411\u044b\u0441\u0442\u0440\u0430\u044f \u0437\u0430\u0440\u044f\u0434\u043a\u0430 Dualtron Thunder 3A 60V Gx16"},"content":{"rendered":"<p>\u0411\u044b\u0441\u0442\u0440\u0430\u044f \u0437\u0430\u0440\u044f\u0434\u043a\u0430 - \u044d\u043b\u0435\u043a\u0442\u0440\u043e\u0441\u0430\u043c\u043e\u043a\u0430\u0442 Dualtron Thunder 3A 60V.<\/p>\n","protected":false},"excerpt":{"rendered":"<p><b><i><em><strong>\u0421\u0440\u043e\u043a \u043f\u043e\u0441\u0442\u0430\u0432\u043a\u0438: 8-15 \u0434\u043d\u0435\u0439<\/strong><\/em><\/i><\/b><\/p>\n","protected":false},"featured_media":53128,"template":"","meta":[],"product_brand":[],"product_cat":[756,757],"product_tag":[1526],"filter_elektritoukeratas":[2730,2732,2736,2734,2610],"class_list":{"0":"post-70210","1":"product","2":"type-product","3":"status-publish","4":"has-post-thumbnail","6":"product_cat-756","7":"product_cat-757","8":"product_tag-laadijad","9":"filter_elektritoukeratas-ft_dualtron_eagle","10":"filter_elektritoukeratas-ft_dualtron_spider","11":"filter_elektritoukeratas-ft_dualtron_storm","12":"filter_elektritoukeratas-ft_dualtron_thunder","13":"filter_elektritoukeratas-ft_dualtron_victor","15":"first","16":"onbackorder","17":"taxable","18":"shipping-taxable","19":"purchasable","20":"product-type-simple"},"yoast_head":"<!-- This site is optimized with the Yoast SEO Premium plugin v26.8 (Yoast SEO v27.5) - https:\/\/yoast.com\/product\/yoast-seo-premium-wordpress\/ -->\n<title>\u0411\u044b\u0441\u0442\u0440\u0430\u044f \u0437\u0430\u0440\u044f\u0434\u043a\u0430 Dualtron Thunder 3A 60V Gx16 &#8212; T\u00f5uksimaailm<\/title>\n<meta name=\"robots\" content=\"index, follow, max-snippet:-1, max-image-preview:large, max-video-preview:-1\" \/>\n<link rel=\"canonical\" href=\"https:\/\/www.xn--tuksimaailm-ffb.ee\/ru\/\u043f\u0440\u043e\u0434\u0443\u043a\u0442\/%d0%b1%d1%8b%d1%81%d1%82%d1%80%d0%b0%d1%8f-%d0%b7%d0%b0%d1%80%d1%8f%d0%b4%d0%ba%d0%b0-dualtron-thunder-3a-60v-gx16\/\" \/>\n<meta property=\"og:locale\" content=\"ru_RU\" \/>\n<meta property=\"og:type\" content=\"article\" \/>\n<meta property=\"og:title\" content=\"\u0411\u044b\u0441\u0442\u0440\u0430\u044f \u0437\u0430\u0440\u044f\u0434\u043a\u0430 Dualtron Thunder 3A 60V Gx16\" \/>\n<meta property=\"og:description\" content=\"\u0421\u0440\u043e\u043a \u043f\u043e\u0441\u0442\u0430\u0432\u043a\u0438: 8-15 \u0434\u043d\u0435\u0439\" \/>\n<meta property=\"og:url\" content=\"https:\/\/www.xn--tuksimaailm-ffb.ee\/ru\/\u043f\u0440\u043e\u0434\u0443\u043a\u0442\/%d0%b1%d1%8b%d1%81%d1%82%d1%80%d0%b0%d1%8f-%d0%b7%d0%b0%d1%80%d1%8f%d0%b4%d0%ba%d0%b0-dualtron-thunder-3a-60v-gx16\/\" \/>\n<meta property=\"og:site_name\" content=\"T\u00f5uksimaailm\" \/>\n<meta property=\"article:publisher\" content=\"https:\/\/www.facebook.com\/touksimaailm\/\" \/>\n<meta property=\"og:image\" content=\"https:\/\/www.xn--tuksimaailm-ffb.ee\/wp-content\/uploads\/2022\/01\/Screenshot-2025-01-01-005528.webp\" \/>\n\t<meta property=\"og:image:width\" content=\"1218\" \/>\n\t<meta property=\"og:image:height\" content=\"844\" \/>\n\t<meta property=\"og:image:type\" content=\"image\/webp\" \/>\n<meta name=\"twitter:card\" content=\"summary_large_image\" \/>\n<meta name=\"twitter:label1\" content=\"\u0426\u0435\u043d\u0430\" \/>\n\t<meta name=\"twitter:data1\" content=\"&euro;89.00\" \/>\n\t<meta name=\"twitter:label2\" content=\"\u0414\u043e\u0441\u0442\u0443\u043f\u043d\u043e\u0441\u0442\u044c\" \/>\n\t<meta name=\"twitter:data2\" content=\"\u041d\u0430 \u0437\u0430\u043a\u0430\u0437\" \/>\n<meta property=\"product:price:amount\" content=\"89.00\" \/>\n<meta property=\"product:price:currency\" content=\"EUR\" \/>\n<meta property=\"og:availability\" content=\"backorder\" \/>\n<meta property=\"product:availability\" content=\"available for order\" \/>\n<meta property=\"product:condition\" content=\"new\" \/>\n<!-- \/ Yoast SEO Premium plugin. -->","yoast_head_json":{"title":"\u0411\u044b\u0441\u0442\u0440\u0430\u044f \u0437\u0430\u0440\u044f\u0434\u043a\u0430 Dualtron Thunder 3A 60V Gx16 &#8212; T\u00f5uksimaailm","robots":{"index":"index","follow":"follow","max-snippet":"max-snippet:-1","max-image-preview":"max-image-preview:large","max-video-preview":"max-video-preview:-1"},"canonical":"https:\/\/www.xn--tuksimaailm-ffb.ee\/ru\/\u043f\u0440\u043e\u0434\u0443\u043a\u0442\/%d0%b1%d1%8b%d1%81%d1%82%d1%80%d0%b0%d1%8f-%d0%b7%d0%b0%d1%80%d1%8f%d0%b4%d0%ba%d0%b0-dualtron-thunder-3a-60v-gx16\/","og_locale":"ru_RU","og_type":"article","og_title":"\u0411\u044b\u0441\u0442\u0440\u0430\u044f \u0437\u0430\u0440\u044f\u0434\u043a\u0430 Dualtron Thunder 3A 60V Gx16","og_description":"\u0421\u0440\u043e\u043a \u043f\u043e\u0441\u0442\u0430\u0432\u043a\u0438: 8-15 \u0434\u043d\u0435\u0439","og_url":"https:\/\/www.xn--tuksimaailm-ffb.ee\/ru\/\u043f\u0440\u043e\u0434\u0443\u043a\u0442\/%d0%b1%d1%8b%d1%81%d1%82%d1%80%d0%b0%d1%8f-%d0%b7%d0%b0%d1%80%d1%8f%d0%b4%d0%ba%d0%b0-dualtron-thunder-3a-60v-gx16\/","og_site_name":"T\u00f5uksimaailm","article_publisher":"https:\/\/www.facebook.com\/touksimaailm\/","og_image":[{"width":1218,"height":844,"url":"https:\/\/www.xn--tuksimaailm-ffb.ee\/wp-content\/uploads\/2022\/01\/Screenshot-2025-01-01-005528.webp","type":"image\/webp"}],"twitter_card":"summary_large_image","twitter_misc":{"\u0426\u0435\u043d\u0430":"&euro;89.00","\u0414\u043e\u0441\u0442\u0443\u043f\u043d\u043e\u0441\u0442\u044c":"\u041d\u0430 \u0437\u0430\u043a\u0430\u0437"},"schema":{"@context":"https:\/\/schema.org","@graph":[{"@type":"WebPage","@id":"https:\/\/www.xn--tuksimaailm-ffb.ee\/ru\/\u043f\u0440\u043e\u0434\u0443\u043a\u0442\/%d0%b1%d1%8b%d1%81%d1%82%d1%80%d0%b0%d1%8f-%d0%b7%d0%b0%d1%80%d1%8f%d0%b4%d0%ba%d0%b0-dualtron-thunder-3a-60v-gx16\/","url":"https:\/\/www.xn--tuksimaailm-ffb.ee\/ru\/\u043f\u0440\u043e\u0434\u0443\u043a\u0442\/%d0%b1%d1%8b%d1%81%d1%82%d1%80%d0%b0%d1%8f-%d0%b7%d0%b0%d1%80%d1%8f%d0%b4%d0%ba%d0%b0-dualtron-thunder-3a-60v-gx16\/","name":"\u0411\u044b\u0441\u0442\u0440\u0430\u044f \u0437\u0430\u0440\u044f\u0434\u043a\u0430 Dualtron Thunder 3A 60V Gx16 &#8212; T\u00f5uksimaailm","isPartOf":{"@id":"https:\/\/www.xn--tuksimaailm-ffb.ee\/ru\/#website"},"primaryImageOfPage":{"@id":"https:\/\/www.xn--tuksimaailm-ffb.ee\/ru\/\u043f\u0440\u043e\u0434\u0443\u043a\u0442\/%d0%b1%d1%8b%d1%81%d1%82%d1%80%d0%b0%d1%8f-%d0%b7%d0%b0%d1%80%d1%8f%d0%b4%d0%ba%d0%b0-dualtron-thunder-3a-60v-gx16\/#primaryimage"},"image":{"@id":"https:\/\/www.xn--tuksimaailm-ffb.ee\/ru\/\u043f\u0440\u043e\u0434\u0443\u043a\u0442\/%d0%b1%d1%8b%d1%81%d1%82%d1%80%d0%b0%d1%8f-%d0%b7%d0%b0%d1%80%d1%8f%d0%b4%d0%ba%d0%b0-dualtron-thunder-3a-60v-gx16\/#primaryimage"},"thumbnailUrl":"https:\/\/www.xn--tuksimaailm-ffb.ee\/wp-content\/uploads\/2022\/01\/Screenshot-2025-01-01-005528.webp","datePublished":"2022-01-20T13:23:09+00:00","breadcrumb":{"@id":"https:\/\/www.xn--tuksimaailm-ffb.ee\/ru\/\u043f\u0440\u043e\u0434\u0443\u043a\u0442\/%d0%b1%d1%8b%d1%81%d1%82%d1%80%d0%b0%d1%8f-%d0%b7%d0%b0%d1%80%d1%8f%d0%b4%d0%ba%d0%b0-dualtron-thunder-3a-60v-gx16\/#breadcrumb"},"inLanguage":"ru-RU","potentialAction":[{"@type":"ReadAction","target":["https:\/\/www.xn--tuksimaailm-ffb.ee\/ru\/\u043f\u0440\u043e\u0434\u0443\u043a\u0442\/%d0%b1%d1%8b%d1%81%d1%82%d1%80%d0%b0%d1%8f-%d0%b7%d0%b0%d1%80%d1%8f%d0%b4%d0%ba%d0%b0-dualtron-thunder-3a-60v-gx16\/"]}]},{"@type":"ImageObject","inLanguage":"ru-RU","@id":"https:\/\/www.xn--tuksimaailm-ffb.ee\/ru\/\u043f\u0440\u043e\u0434\u0443\u043a\u0442\/%d0%b1%d1%8b%d1%81%d1%82%d1%80%d0%b0%d1%8f-%d0%b7%d0%b0%d1%80%d1%8f%d0%b4%d0%ba%d0%b0-dualtron-thunder-3a-60v-gx16\/#primaryimage","url":"https:\/\/www.xn--tuksimaailm-ffb.ee\/wp-content\/uploads\/2022\/01\/Screenshot-2025-01-01-005528.webp","contentUrl":"https:\/\/www.xn--tuksimaailm-ffb.ee\/wp-content\/uploads\/2022\/01\/Screenshot-2025-01-01-005528.webp","width":1218,"height":844,"caption":"Kiirlaadija Dualtron Thunder 3A 60V Gx16"},{"@type":"BreadcrumbList","@id":"https:\/\/www.xn--tuksimaailm-ffb.ee\/ru\/\u043f\u0440\u043e\u0434\u0443\u043a\u0442\/%d0%b1%d1%8b%d1%81%d1%82%d1%80%d0%b0%d1%8f-%d0%b7%d0%b0%d1%80%d1%8f%d0%b4%d0%ba%d0%b0-dualtron-thunder-3a-60v-gx16\/#breadcrumb","itemListElement":[{"@type":"ListItem","position":1,"name":"Home","item":"https:\/\/www.xn--tuksimaailm-ffb.ee\/ru\/frontpage\/"},{"@type":"ListItem","position":2,"name":"\u041c\u0410\u0413\u0410\u0417\u0418\u041d","item":"https:\/\/www.xn--tuksimaailm-ffb.ee\/elektritoukerataste-pood\/"},{"@type":"ListItem","position":3,"name":"\u0411\u044b\u0441\u0442\u0440\u0430\u044f \u0437\u0430\u0440\u044f\u0434\u043a\u0430 Dualtron Thunder 3A 60V Gx16"}]},{"@type":"WebSite","@id":"https:\/\/www.xn--tuksimaailm-ffb.ee\/ru\/#website","url":"https:\/\/www.xn--tuksimaailm-ffb.ee\/ru\/","name":"T\u00f5uksimaailm","description":"Elektrit\u00f5ukerataste m\u00fc\u00fck, remont ja rent","publisher":{"@id":"https:\/\/www.xn--tuksimaailm-ffb.ee\/ru\/#organization"},"potentialAction":[{"@type":"SearchAction","target":{"@type":"EntryPoint","urlTemplate":"https:\/\/www.xn--tuksimaailm-ffb.ee\/ru\/?s={search_term_string}"},"query-input":{"@type":"PropertyValueSpecification","valueRequired":true,"valueName":"search_term_string"}}],"inLanguage":"ru-RU"},{"@type":"Organization","@id":"https:\/\/www.xn--tuksimaailm-ffb.ee\/ru\/#organization","name":"T\u00f5uksimaailm","url":"https:\/\/www.xn--tuksimaailm-ffb.ee\/ru\/","logo":{"@type":"ImageObject","inLanguage":"ru-RU","@id":"https:\/\/www.xn--tuksimaailm-ffb.ee\/ru\/#\/schema\/logo\/image\/","url":"https:\/\/www.xn--tuksimaailm-ffb.ee\/wp-content\/uploads\/2020\/01\/logoz-e1579792875517.png","contentUrl":"https:\/\/www.xn--tuksimaailm-ffb.ee\/wp-content\/uploads\/2020\/01\/logoz-e1579792875517.png","width":250,"height":250,"caption":"T\u00f5uksimaailm"},"image":{"@id":"https:\/\/www.xn--tuksimaailm-ffb.ee\/ru\/#\/schema\/logo\/image\/"},"sameAs":["https:\/\/www.facebook.com\/touksimaailm\/","https:\/\/www.instagram.com\/touksimaailm_\/","https:\/\/www.youtube.com\/channel\/UC18ml0EKIDLP1xGuQjFzcXQ"]}]},"product_price_amount":"89.00","product_price_currency":"EUR","og_availability":"backorder","product_availability":"available for order","product_condition":"new"},"jetpack_sharing_enabled":true,"_links":{"self":[{"href":"https:\/\/www.xn--tuksimaailm-ffb.ee\/ru\/wp-json\/wp\/v2\/product\/70210","targetHints":{"allow":["GET"]}}],"collection":[{"href":"https:\/\/www.xn--tuksimaailm-ffb.ee\/ru\/wp-json\/wp\/v2\/product"}],"about":[{"href":"https:\/\/www.xn--tuksimaailm-ffb.ee\/ru\/wp-json\/wp\/v2\/types\/product"}],"wp:featuredmedia":[{"embeddable":true,"href":"https:\/\/www.xn--tuksimaailm-ffb.ee\/ru\/wp-json\/wp\/v2\/media\/53128"}],"wp:attachment":[{"href":"https:\/\/www.xn--tuksimaailm-ffb.ee\/ru\/wp-json\/wp\/v2\/media?parent=70210"}],"wp:term":[{"taxonomy":"product_brand","embeddable":true,"href":"https:\/\/www.xn--tuksimaailm-ffb.ee\/ru\/wp-json\/wp\/v2\/product_brand?post=70210"},{"taxonomy":"product_cat","embeddable":true,"href":"https:\/\/www.xn--tuksimaailm-ffb.ee\/ru\/wp-json\/wp\/v2\/product_cat?post=70210"},{"taxonomy":"product_tag","embeddable":true,"href":"https:\/\/www.xn--tuksimaailm-ffb.ee\/ru\/wp-json\/wp\/v2\/product_tag?post=70210"},{"taxonomy":"filter_elektritoukeratas","embeddable":true,"href":"https:\/\/www.xn--tuksimaailm-ffb.ee\/ru\/wp-json\/wp\/v2\/filter_elektritoukeratas?post=70210"}],"curies":[{"name":"wp","href":"https:\/\/api.w.org\/{rel}","templated":true}]}}