{"id":70212,"date":"2022-01-20T14:38:13","date_gmt":"2022-01-20T12:38:13","guid":{"rendered":"https:\/\/www.xn--tuksimaailm-ffb.ee\/shop\/%d1%80%d1%83%d1%87%d0%ba%d0%b8-dualtron-%d1%8d%d0%bb%d0%b5%d0%ba%d1%82%d1%80%d0%be%d1%81%d0%b0%d0%bc%d0%be%d0%ba%d0%b0%d1%82\/"},"modified":"2022-01-20T14:38:13","modified_gmt":"2022-01-20T12:38:13","slug":"%d1%80%d1%83%d1%87%d0%ba%d0%b8-dualtron-%d1%8d%d0%bb%d0%b5%d0%ba%d1%82%d1%80%d0%be%d1%81%d0%b0%d0%bc%d0%be%d0%ba%d0%b0%d1%82","status":"publish","type":"product","link":"https:\/\/www.xn--tuksimaailm-ffb.ee\/ru\/\u043f\u0440\u043e\u0434\u0443\u043a\u0442\/%d1%80%d1%83%d1%87%d0%ba%d0%b8-dualtron-%d1%8d%d0%bb%d0%b5%d0%ba%d1%82%d1%80%d0%be%d1%81%d0%b0%d0%bc%d0%be%d0%ba%d0%b0%d1%82\/","title":{"rendered":"\u0420\u0443\u0447\u043a\u0438 Dualtron \u044d\u043b\u0435\u043a\u0442\u0440\u043e\u0441\u0430\u043c\u043e\u043a\u0430\u0442"},"content":{"rendered":"<p>\u0420\u0443\u0447\u043a\u0438 Dualtron \u044d\u043b\u0435\u043a\u0442\u0440\u043e\u0441\u0430\u043c\u043e\u043a\u0430\u0442<\/p>\n","protected":false},"excerpt":{"rendered":"<p><b><i><em><strong>\u0421\u0440\u043e\u043a \u043f\u043e\u0441\u0442\u0430\u0432\u043a\u0438: 8-18 \u0434\u043d\u0435\u0439<\/strong><\/em><\/i><\/b><\/p>\n","protected":false},"featured_media":53252,"template":"","meta":[],"product_brand":[],"product_cat":[756,757],"product_tag":[],"filter_elektritoukeratas":[2730,2733,2732,2736,2734,2735,2610,2737,2609,2731,2729],"class_list":{"0":"post-70212","1":"product","2":"type-product","3":"status-publish","4":"has-post-thumbnail","6":"product_cat-756","7":"product_cat-757","8":"filter_elektritoukeratas-ft_dualtron_eagle","9":"filter_elektritoukeratas-ft_dualtron_mini","10":"filter_elektritoukeratas-ft_dualtron_spider","11":"filter_elektritoukeratas-ft_dualtron_storm","12":"filter_elektritoukeratas-ft_dualtron_thunder","13":"filter_elektritoukeratas-ft_dualtron_ultra","14":"filter_elektritoukeratas-ft_dualtron_victor","15":"filter_elektritoukeratas-ft_dualtron_x_x2","16":"filter_elektritoukeratas-ft_-minimotors_dualtron","17":"filter_elektritoukeratas-ft_minimotors_speedway_4_5","18":"filter_elektritoukeratas-ft_minimotors_speedway_leger","20":"first","21":"onbackorder","22":"taxable","23":"shipping-taxable","24":"purchasable","25":"product-type-simple"},"yoast_head":"<!-- This site is optimized with the Yoast SEO Premium plugin v26.8 (Yoast SEO v27.5) - https:\/\/yoast.com\/product\/yoast-seo-premium-wordpress\/ -->\n<title>\u0420\u0443\u0447\u043a\u0438 Dualtron \u044d\u043b\u0435\u043a\u0442\u0440\u043e\u0441\u0430\u043c\u043e\u043a\u0430\u0442 &#8212; T\u00f5uksimaailm<\/title>\n<meta name=\"robots\" content=\"index, follow, max-snippet:-1, max-image-preview:large, max-video-preview:-1\" \/>\n<link rel=\"canonical\" href=\"https:\/\/www.xn--tuksimaailm-ffb.ee\/ru\/\u043f\u0440\u043e\u0434\u0443\u043a\u0442\/%d1%80%d1%83%d1%87%d0%ba%d0%b8-dualtron-%d1%8d%d0%bb%d0%b5%d0%ba%d1%82%d1%80%d0%be%d1%81%d0%b0%d0%bc%d0%be%d0%ba%d0%b0%d1%82\/\" \/>\n<meta property=\"og:locale\" content=\"ru_RU\" \/>\n<meta property=\"og:type\" content=\"article\" \/>\n<meta property=\"og:title\" content=\"\u0420\u0443\u0447\u043a\u0438 Dualtron \u044d\u043b\u0435\u043a\u0442\u0440\u043e\u0441\u0430\u043c\u043e\u043a\u0430\u0442\" \/>\n<meta property=\"og:description\" content=\"\u0421\u0440\u043e\u043a \u043f\u043e\u0441\u0442\u0430\u0432\u043a\u0438: 8-18 \u0434\u043d\u0435\u0439\" \/>\n<meta property=\"og:url\" content=\"https:\/\/www.xn--tuksimaailm-ffb.ee\/ru\/\u043f\u0440\u043e\u0434\u0443\u043a\u0442\/%d1%80%d1%83%d1%87%d0%ba%d0%b8-dualtron-%d1%8d%d0%bb%d0%b5%d0%ba%d1%82%d1%80%d0%be%d1%81%d0%b0%d0%bc%d0%be%d0%ba%d0%b0%d1%82\/\" \/>\n<meta property=\"og:site_name\" content=\"T\u00f5uksimaailm\" \/>\n<meta property=\"article:publisher\" content=\"https:\/\/www.facebook.com\/touksimaailm\/\" \/>\n<meta property=\"og:image\" content=\"https:\/\/www.xn--tuksimaailm-ffb.ee\/wp-content\/uploads\/2022\/01\/Screenshot-2025-01-03-043324.webp\" \/>\n\t<meta property=\"og:image:width\" content=\"523\" \/>\n\t<meta property=\"og:image:height\" content=\"407\" \/>\n\t<meta property=\"og:image:type\" content=\"image\/webp\" \/>\n<meta name=\"twitter:card\" content=\"summary_large_image\" \/>\n<meta name=\"twitter:label1\" content=\"\u0426\u0435\u043d\u0430\" \/>\n\t<meta name=\"twitter:data1\" content=\"&euro;35.00\" \/>\n\t<meta name=\"twitter:label2\" content=\"\u0414\u043e\u0441\u0442\u0443\u043f\u043d\u043e\u0441\u0442\u044c\" \/>\n\t<meta name=\"twitter:data2\" content=\"\u041d\u0430 \u0437\u0430\u043a\u0430\u0437\" \/>\n<meta property=\"product:price:amount\" content=\"35.00\" \/>\n<meta property=\"product:price:currency\" content=\"EUR\" \/>\n<meta property=\"og:availability\" content=\"backorder\" \/>\n<meta property=\"product:availability\" content=\"available for order\" \/>\n<meta property=\"product:condition\" content=\"new\" \/>\n<!-- \/ Yoast SEO Premium plugin. -->","yoast_head_json":{"title":"\u0420\u0443\u0447\u043a\u0438 Dualtron \u044d\u043b\u0435\u043a\u0442\u0440\u043e\u0441\u0430\u043c\u043e\u043a\u0430\u0442 &#8212; T\u00f5uksimaailm","robots":{"index":"index","follow":"follow","max-snippet":"max-snippet:-1","max-image-preview":"max-image-preview:large","max-video-preview":"max-video-preview:-1"},"canonical":"https:\/\/www.xn--tuksimaailm-ffb.ee\/ru\/\u043f\u0440\u043e\u0434\u0443\u043a\u0442\/%d1%80%d1%83%d1%87%d0%ba%d0%b8-dualtron-%d1%8d%d0%bb%d0%b5%d0%ba%d1%82%d1%80%d0%be%d1%81%d0%b0%d0%bc%d0%be%d0%ba%d0%b0%d1%82\/","og_locale":"ru_RU","og_type":"article","og_title":"\u0420\u0443\u0447\u043a\u0438 Dualtron \u044d\u043b\u0435\u043a\u0442\u0440\u043e\u0441\u0430\u043c\u043e\u043a\u0430\u0442","og_description":"\u0421\u0440\u043e\u043a \u043f\u043e\u0441\u0442\u0430\u0432\u043a\u0438: 8-18 \u0434\u043d\u0435\u0439","og_url":"https:\/\/www.xn--tuksimaailm-ffb.ee\/ru\/\u043f\u0440\u043e\u0434\u0443\u043a\u0442\/%d1%80%d1%83%d1%87%d0%ba%d0%b8-dualtron-%d1%8d%d0%bb%d0%b5%d0%ba%d1%82%d1%80%d0%be%d1%81%d0%b0%d0%bc%d0%be%d0%ba%d0%b0%d1%82\/","og_site_name":"T\u00f5uksimaailm","article_publisher":"https:\/\/www.facebook.com\/touksimaailm\/","og_image":[{"width":523,"height":407,"url":"https:\/\/www.xn--tuksimaailm-ffb.ee\/wp-content\/uploads\/2022\/01\/Screenshot-2025-01-03-043324.webp","type":"image\/webp"}],"twitter_card":"summary_large_image","twitter_misc":{"\u0426\u0435\u043d\u0430":"&euro;35.00","\u0414\u043e\u0441\u0442\u0443\u043f\u043d\u043e\u0441\u0442\u044c":"\u041d\u0430 \u0437\u0430\u043a\u0430\u0437"},"schema":{"@context":"https:\/\/schema.org","@graph":[{"@type":"WebPage","@id":"https:\/\/www.xn--tuksimaailm-ffb.ee\/ru\/\u043f\u0440\u043e\u0434\u0443\u043a\u0442\/%d1%80%d1%83%d1%87%d0%ba%d0%b8-dualtron-%d1%8d%d0%bb%d0%b5%d0%ba%d1%82%d1%80%d0%be%d1%81%d0%b0%d0%bc%d0%be%d0%ba%d0%b0%d1%82\/","url":"https:\/\/www.xn--tuksimaailm-ffb.ee\/ru\/\u043f\u0440\u043e\u0434\u0443\u043a\u0442\/%d1%80%d1%83%d1%87%d0%ba%d0%b8-dualtron-%d1%8d%d0%bb%d0%b5%d0%ba%d1%82%d1%80%d0%be%d1%81%d0%b0%d0%bc%d0%be%d0%ba%d0%b0%d1%82\/","name":"\u0420\u0443\u0447\u043a\u0438 Dualtron \u044d\u043b\u0435\u043a\u0442\u0440\u043e\u0441\u0430\u043c\u043e\u043a\u0430\u0442 &#8212; T\u00f5uksimaailm","isPartOf":{"@id":"https:\/\/www.xn--tuksimaailm-ffb.ee\/ru\/#website"},"primaryImageOfPage":{"@id":"https:\/\/www.xn--tuksimaailm-ffb.ee\/ru\/\u043f\u0440\u043e\u0434\u0443\u043a\u0442\/%d1%80%d1%83%d1%87%d0%ba%d0%b8-dualtron-%d1%8d%d0%bb%d0%b5%d0%ba%d1%82%d1%80%d0%be%d1%81%d0%b0%d0%bc%d0%be%d0%ba%d0%b0%d1%82\/#primaryimage"},"image":{"@id":"https:\/\/www.xn--tuksimaailm-ffb.ee\/ru\/\u043f\u0440\u043e\u0434\u0443\u043a\u0442\/%d1%80%d1%83%d1%87%d0%ba%d0%b8-dualtron-%d1%8d%d0%bb%d0%b5%d0%ba%d1%82%d1%80%d0%be%d1%81%d0%b0%d0%bc%d0%be%d0%ba%d0%b0%d1%82\/#primaryimage"},"thumbnailUrl":"https:\/\/www.xn--tuksimaailm-ffb.ee\/wp-content\/uploads\/2022\/01\/Screenshot-2025-01-03-043324.webp","datePublished":"2022-01-20T12:38:13+00:00","breadcrumb":{"@id":"https:\/\/www.xn--tuksimaailm-ffb.ee\/ru\/\u043f\u0440\u043e\u0434\u0443\u043a\u0442\/%d1%80%d1%83%d1%87%d0%ba%d0%b8-dualtron-%d1%8d%d0%bb%d0%b5%d0%ba%d1%82%d1%80%d0%be%d1%81%d0%b0%d0%bc%d0%be%d0%ba%d0%b0%d1%82\/#breadcrumb"},"inLanguage":"ru-RU","potentialAction":[{"@type":"ReadAction","target":["https:\/\/www.xn--tuksimaailm-ffb.ee\/ru\/\u043f\u0440\u043e\u0434\u0443\u043a\u0442\/%d1%80%d1%83%d1%87%d0%ba%d0%b8-dualtron-%d1%8d%d0%bb%d0%b5%d0%ba%d1%82%d1%80%d0%be%d1%81%d0%b0%d0%bc%d0%be%d0%ba%d0%b0%d1%82\/"]}]},{"@type":"ImageObject","inLanguage":"ru-RU","@id":"https:\/\/www.xn--tuksimaailm-ffb.ee\/ru\/\u043f\u0440\u043e\u0434\u0443\u043a\u0442\/%d1%80%d1%83%d1%87%d0%ba%d0%b8-dualtron-%d1%8d%d0%bb%d0%b5%d0%ba%d1%82%d1%80%d0%be%d1%81%d0%b0%d0%bc%d0%be%d0%ba%d0%b0%d1%82\/#primaryimage","url":"https:\/\/www.xn--tuksimaailm-ffb.ee\/wp-content\/uploads\/2022\/01\/Screenshot-2025-01-03-043324.webp","contentUrl":"https:\/\/www.xn--tuksimaailm-ffb.ee\/wp-content\/uploads\/2022\/01\/Screenshot-2025-01-03-043324.webp","width":523,"height":407,"caption":"K\u00e4epidemed Dualtron elektrit\u00f5ukeratas"},{"@type":"BreadcrumbList","@id":"https:\/\/www.xn--tuksimaailm-ffb.ee\/ru\/\u043f\u0440\u043e\u0434\u0443\u043a\u0442\/%d1%80%d1%83%d1%87%d0%ba%d0%b8-dualtron-%d1%8d%d0%bb%d0%b5%d0%ba%d1%82%d1%80%d0%be%d1%81%d0%b0%d0%bc%d0%be%d0%ba%d0%b0%d1%82\/#breadcrumb","itemListElement":[{"@type":"ListItem","position":1,"name":"Home","item":"https:\/\/www.xn--tuksimaailm-ffb.ee\/ru\/frontpage\/"},{"@type":"ListItem","position":2,"name":"\u041c\u0410\u0413\u0410\u0417\u0418\u041d","item":"https:\/\/www.xn--tuksimaailm-ffb.ee\/elektritoukerataste-pood\/"},{"@type":"ListItem","position":3,"name":"\u0420\u0443\u0447\u043a\u0438 Dualtron \u044d\u043b\u0435\u043a\u0442\u0440\u043e\u0441\u0430\u043c\u043e\u043a\u0430\u0442"}]},{"@type":"WebSite","@id":"https:\/\/www.xn--tuksimaailm-ffb.ee\/ru\/#website","url":"https:\/\/www.xn--tuksimaailm-ffb.ee\/ru\/","name":"T\u00f5uksimaailm","description":"Elektrit\u00f5ukerataste m\u00fc\u00fck, remont ja rent","publisher":{"@id":"https:\/\/www.xn--tuksimaailm-ffb.ee\/ru\/#organization"},"potentialAction":[{"@type":"SearchAction","target":{"@type":"EntryPoint","urlTemplate":"https:\/\/www.xn--tuksimaailm-ffb.ee\/ru\/?s={search_term_string}"},"query-input":{"@type":"PropertyValueSpecification","valueRequired":true,"valueName":"search_term_string"}}],"inLanguage":"ru-RU"},{"@type":"Organization","@id":"https:\/\/www.xn--tuksimaailm-ffb.ee\/ru\/#organization","name":"T\u00f5uksimaailm","url":"https:\/\/www.xn--tuksimaailm-ffb.ee\/ru\/","logo":{"@type":"ImageObject","inLanguage":"ru-RU","@id":"https:\/\/www.xn--tuksimaailm-ffb.ee\/ru\/#\/schema\/logo\/image\/","url":"https:\/\/www.xn--tuksimaailm-ffb.ee\/wp-content\/uploads\/2020\/01\/logoz-e1579792875517.png","contentUrl":"https:\/\/www.xn--tuksimaailm-ffb.ee\/wp-content\/uploads\/2020\/01\/logoz-e1579792875517.png","width":250,"height":250,"caption":"T\u00f5uksimaailm"},"image":{"@id":"https:\/\/www.xn--tuksimaailm-ffb.ee\/ru\/#\/schema\/logo\/image\/"},"sameAs":["https:\/\/www.facebook.com\/touksimaailm\/","https:\/\/www.instagram.com\/touksimaailm_\/","https:\/\/www.youtube.com\/channel\/UC18ml0EKIDLP1xGuQjFzcXQ"]}]},"product_price_amount":"35.00","product_price_currency":"EUR","og_availability":"backorder","product_availability":"available for order","product_condition":"new"},"jetpack_sharing_enabled":true,"_links":{"self":[{"href":"https:\/\/www.xn--tuksimaailm-ffb.ee\/ru\/wp-json\/wp\/v2\/product\/70212","targetHints":{"allow":["GET"]}}],"collection":[{"href":"https:\/\/www.xn--tuksimaailm-ffb.ee\/ru\/wp-json\/wp\/v2\/product"}],"about":[{"href":"https:\/\/www.xn--tuksimaailm-ffb.ee\/ru\/wp-json\/wp\/v2\/types\/product"}],"wp:featuredmedia":[{"embeddable":true,"href":"https:\/\/www.xn--tuksimaailm-ffb.ee\/ru\/wp-json\/wp\/v2\/media\/53252"}],"wp:attachment":[{"href":"https:\/\/www.xn--tuksimaailm-ffb.ee\/ru\/wp-json\/wp\/v2\/media?parent=70212"}],"wp:term":[{"taxonomy":"product_brand","embeddable":true,"href":"https:\/\/www.xn--tuksimaailm-ffb.ee\/ru\/wp-json\/wp\/v2\/product_brand?post=70212"},{"taxonomy":"product_cat","embeddable":true,"href":"https:\/\/www.xn--tuksimaailm-ffb.ee\/ru\/wp-json\/wp\/v2\/product_cat?post=70212"},{"taxonomy":"product_tag","embeddable":true,"href":"https:\/\/www.xn--tuksimaailm-ffb.ee\/ru\/wp-json\/wp\/v2\/product_tag?post=70212"},{"taxonomy":"filter_elektritoukeratas","embeddable":true,"href":"https:\/\/www.xn--tuksimaailm-ffb.ee\/ru\/wp-json\/wp\/v2\/filter_elektritoukeratas?post=70212"}],"curies":[{"name":"wp","href":"https:\/\/api.w.org\/{rel}","templated":true}]}}