{"id":70323,"date":"2021-01-24T17:17:14","date_gmt":"2021-01-24T15:17:14","guid":{"rendered":"https:\/\/www.xn--tuksimaailm-ffb.ee\/shop\/segway-ninebot-max-g30-%d1%81%d1%83%d0%bc%d0%ba%d0%b0-%d1%81-%d0%ba%d1%80%d1%8e%d1%87%d0%ba%d0%be%d0%bc-%d0%b8%d0%b7-%d0%bd%d0%b5%d0%b9%d0%bb%d0%be%d0%bd%d0%b0\/"},"modified":"2021-01-24T17:17:14","modified_gmt":"2021-01-24T15:17:14","slug":"segway-ninebot-max-g30-%d1%81%d1%83%d0%bc%d0%ba%d0%b0-%d1%81-%d0%ba%d1%80%d1%8e%d1%87%d0%ba%d0%be%d0%bc-%d0%b8%d0%b7-%d0%bd%d0%b5%d0%b9%d0%bb%d0%be%d0%bd%d0%b0","status":"publish","type":"product","link":"https:\/\/www.xn--tuksimaailm-ffb.ee\/ru\/\u043f\u0440\u043e\u0434\u0443\u043a\u0442\/segway-ninebot-max-g30-%d1%81%d1%83%d0%bc%d0%ba%d0%b0-%d1%81-%d0%ba%d1%80%d1%8e%d1%87%d0%ba%d0%be%d0%bc-%d0%b8%d0%b7-%d0%bd%d0%b5%d0%b9%d0%bb%d0%be%d0%bd%d0%b0\/","title":{"rendered":"Segway Ninebot Max G30 \u0441\u0443\u043c\u043a\u0430 \u0441 \u043a\u0440\u044e\u0447\u043a\u043e\u043c \u0438\u0437 \u043d\u0435\u0439\u043b\u043e\u043d\u0430"},"content":{"rendered":"<p>Segway Ninebot Max G30 \u043a\u0440\u044e\u0447\u043e\u043a \u0434\u043b\u044f \u0441\u0443\u043c\u043a\u0438 \/ \u0434\u0435\u0440\u0436\u0430\u0442\u0435\u043b\u044c \u0438\u0437 \u043d\u0435\u0439\u043b\u043e\u043d\u0430 - \u043f\u043e\u0434\u0445\u043e\u0434\u0438\u0442 \u0434\u043b\u044f \u043f\u043e\u0434\u0432\u0435\u0448\u0438\u0432\u0430\u043d\u0438\u044f \u0441\u0443\u043c\u043e\u043a \u0441 \u043f\u043e\u043a\u0443\u043f\u043a\u0430\u043c\u0438 \u043d\u0430 \u044d\u043b\u0435\u043a\u0442\u0440\u043e\u0441\u0430\u043c\u043e\u043a\u0430\u0442. \u0414\u0435\u0440\u0436\u0430\u0442\u0435\u043b\u044c \u0434\u043b\u044f \u0441\u0443\u043c\u043a\u0438 \u0434\u043e\u0441\u0442\u0443\u043f\u0435\u043d \u0432 <b>\u0447\u0435\u0440\u043d\u043e\u043c<\/b>, <b>\u043a\u0440\u0430\u0441\u043d\u043e\u043c<\/b> \u0438 <b>\u0431\u0435\u043b\u043e\u043c<\/b> \u0446\u0432\u0435\u0442\u0435. \u041d\u0435\u0439\u043b\u043e\u043d\u043e\u0432\u044b\u0439 \u043a\u0440\u044e\u0447\u043e\u043a \u0434\u043b\u044f \u0441\u0443\u043c\u043a\u0438 Segway Ninebot Max G30 \u043f\u043e\u0434\u0445\u043e\u0434\u0438\u0442 \u0434\u043b\u044f \u043f\u043e\u043f\u0443\u043b\u044f\u0440\u043d\u044b\u0445 \u044d\u043b\u0435\u043a\u0442\u0440\u043e\u0441\u0430\u043c\u043e\u043a\u0430\u0442\u043e\u0432 <a href=\"http:\/\/www.xn--tuksimaailm-ffb.ee\/shop\/elektriline-toukeratas-ninebot-max-g30\/\"><b>Ninebot Max G30<\/b><\/a><b>, <\/b><a href=\"https:\/\/ee-en.segway.com\/products\/ninebot-kickscooter-max-g30le-powered-by-segway\"><b>Ninebot Max G30LE<\/b><\/a><b> <\/b>\u0438 <b>Ninebot Max G30P.<\/b> \u0414\u043b\u044f \u044d\u043b\u0435\u043a\u0442\u0440\u043e\u0441\u0430\u043c\u043e\u043a\u0430\u0442\u043e\u0432 Ninebot Max \u043c\u044b \u0442\u0430\u043a\u0436\u0435 \u043f\u0440\u0435\u0434\u043b\u0430\u0433\u0430\u0435\u043c <a href=\"http:\/\/www.xn--tuksimaailm-ffb.ee\/shop\/segway-ninebot-max-g30-metallist-koti-konks-g30le\/\"><b>\u043c\u0435\u0442\u0430\u043b\u043b\u0438\u0447\u0435\u0441\u043a\u0438\u0439 \u043a\u0440\u044e\u0447\u043e\u043a<\/b><\/a>, \u043f\u0440\u0435\u0434\u043d\u0430\u0437\u043d\u0430\u0447\u0435\u043d\u043d\u044b\u0439 \u0434\u043b\u044f \u0442\u044f\u0436\u0435\u043b\u044b\u0445 \u0441\u0443\u043c\u043e\u043a.<\/p>\n","protected":false},"excerpt":{"rendered":"<p>Segway Ninebot Max G30 \u043a\u0440\u044e\u0447\u043e\u043a \u0434\u043b\u044f \u0441\u0443\u043c\u043a\u0438 \/ \u0434\u0435\u0440\u0436\u0430\u0442\u0435\u043b\u044c \u0438\u0437 \u043d\u0435\u0439\u043b\u043e\u043d\u0430 - \u043f\u043e\u0434\u0445\u043e\u0434\u0438\u0442 \u0434\u043b\u044f \u043f\u043e\u0434\u0432\u0435\u0448\u0438\u0432\u0430\u043d\u0438\u044f \u0441\u0443\u043c\u043e\u043a \u0441 \u043f\u043e\u043a\u0443\u043f\u043a\u0430\u043c\u0438 \u043d\u0430 \u044d\u043b\u0435\u043a\u0442\u0440\u043e\u0441\u0430\u043c\u043e\u043a\u0430\u0442. \u0414\u0435\u0440\u0436\u0430\u0442\u0435\u043b\u044c \u0434\u043b\u044f \u0441\u0443\u043c\u043a\u0438 \u0434\u043e\u0441\u0442\u0443\u043f\u0435\u043d \u0432 \u0447\u0435\u0440\u043d\u043e\u043c, \u043a\u0440\u0430\u0441\u043d\u043e\u043c \u0438 \u0431\u0435\u043b\u043e\u043c \u0446\u0432\u0435\u0442\u0435. \u041d\u0435\u0439\u043b\u043e\u043d\u043e\u0432\u044b\u0439 \u043a\u0440\u044e\u0447\u043e\u043a \u0434\u043b\u044f \u0441\u0443\u043c\u043a\u0438 Segway Ninebot Max G30 \u043f\u043e\u0434\u0445\u043e\u0434\u0438\u0442 \u0434\u043b\u044f \u043f\u043e\u043f\u0443\u043b\u044f\u0440\u043d\u044b\u0445 \u044d\u043b\u0435\u043a\u0442\u0440\u043e\u0441\u0430\u043c\u043e\u043a\u0430\u0442\u043e\u0432 Ninebot Max G30, Ninebot Max G30LE \u0438 Ninebot &hellip;<\/p>\n","protected":false},"featured_media":13204,"template":"","meta":[],"product_brand":[],"product_cat":[756],"product_tag":[],"filter_elektritoukeratas":[],"class_list":{"0":"post-70323","1":"product","2":"type-product","3":"status-publish","4":"has-post-thumbnail","6":"product_cat-756","8":"first","9":"instock","10":"taxable","11":"shipping-taxable","12":"purchasable","13":"product-type-variable"},"yoast_head":"<!-- This site is optimized with the Yoast SEO Premium plugin v26.8 (Yoast SEO v27.5) - https:\/\/yoast.com\/product\/yoast-seo-premium-wordpress\/ -->\n<title>Segway Ninebot Max G30 \u0441\u0443\u043c\u043a\u0430 \u0441 \u043a\u0440\u044e\u0447\u043a\u043e\u043c \u0438\u0437 \u043d\u0435\u0439\u043b\u043e\u043d\u0430 &#8212; T\u00f5uksimaailm<\/title>\n<meta name=\"robots\" content=\"index, follow, max-snippet:-1, max-image-preview:large, max-video-preview:-1\" \/>\n<link rel=\"canonical\" href=\"https:\/\/www.xn--tuksimaailm-ffb.ee\/ru\/\u043f\u0440\u043e\u0434\u0443\u043a\u0442\/segway-ninebot-max-g30-%d1%81%d1%83%d0%bc%d0%ba%d0%b0-%d1%81-%d0%ba%d1%80%d1%8e%d1%87%d0%ba%d0%be%d0%bc-%d0%b8%d0%b7-%d0%bd%d0%b5%d0%b9%d0%bb%d0%be%d0%bd%d0%b0\/\" \/>\n<meta property=\"og:locale\" content=\"ru_RU\" \/>\n<meta property=\"og:type\" content=\"article\" \/>\n<meta property=\"og:title\" content=\"Segway Ninebot Max G30 \u0441\u0443\u043c\u043a\u0430 \u0441 \u043a\u0440\u044e\u0447\u043a\u043e\u043c \u0438\u0437 \u043d\u0435\u0439\u043b\u043e\u043d\u0430\" \/>\n<meta property=\"og:description\" content=\"Segway Ninebot Max G30 \u043a\u0440\u044e\u0447\u043e\u043a \u0434\u043b\u044f \u0441\u0443\u043c\u043a\u0438 \/ \u0434\u0435\u0440\u0436\u0430\u0442\u0435\u043b\u044c \u0438\u0437 \u043d\u0435\u0439\u043b\u043e\u043d\u0430 - \u043f\u043e\u0434\u0445\u043e\u0434\u0438\u0442 \u0434\u043b\u044f \u043f\u043e\u0434\u0432\u0435\u0448\u0438\u0432\u0430\u043d\u0438\u044f \u0441\u0443\u043c\u043e\u043a \u0441 \u043f\u043e\u043a\u0443\u043f\u043a\u0430\u043c\u0438 \u043d\u0430 \u044d\u043b\u0435\u043a\u0442\u0440\u043e\u0441\u0430\u043c\u043e\u043a\u0430\u0442. \u0414\u0435\u0440\u0436\u0430\u0442\u0435\u043b\u044c \u0434\u043b\u044f \u0441\u0443\u043c\u043a\u0438 \u0434\u043e\u0441\u0442\u0443\u043f\u0435\u043d \u0432 \u0447\u0435\u0440\u043d\u043e\u043c, \u043a\u0440\u0430\u0441\u043d\u043e\u043c \u0438 \u0431\u0435\u043b\u043e\u043c \u0446\u0432\u0435\u0442\u0435. \u041d\u0435\u0439\u043b\u043e\u043d\u043e\u0432\u044b\u0439 \u043a\u0440\u044e\u0447\u043e\u043a \u0434\u043b\u044f \u0441\u0443\u043c\u043a\u0438 Segway Ninebot Max G30 \u043f\u043e\u0434\u0445\u043e\u0434\u0438\u0442 \u0434\u043b\u044f \u043f\u043e\u043f\u0443\u043b\u044f\u0440\u043d\u044b\u0445 \u044d\u043b\u0435\u043a\u0442\u0440\u043e\u0441\u0430\u043c\u043e\u043a\u0430\u0442\u043e\u0432 Ninebot Max G30, Ninebot Max G30LE \u0438 Ninebot &hellip;\" \/>\n<meta property=\"og:url\" content=\"https:\/\/www.xn--tuksimaailm-ffb.ee\/ru\/\u043f\u0440\u043e\u0434\u0443\u043a\u0442\/segway-ninebot-max-g30-%d1%81%d1%83%d0%bc%d0%ba%d0%b0-%d1%81-%d0%ba%d1%80%d1%8e%d1%87%d0%ba%d0%be%d0%bc-%d0%b8%d0%b7-%d0%bd%d0%b5%d0%b9%d0%bb%d0%be%d0%bd%d0%b0\/\" \/>\n<meta property=\"og:site_name\" content=\"T\u00f5uksimaailm\" \/>\n<meta property=\"article:publisher\" content=\"https:\/\/www.facebook.com\/touksimaailm\/\" \/>\n<meta property=\"og:image\" content=\"https:\/\/www.xn--tuksimaailm-ffb.ee\/wp-content\/uploads\/2021\/01\/max-konks-6.png\" \/>\n\t<meta property=\"og:image:width\" content=\"599\" \/>\n\t<meta property=\"og:image:height\" content=\"556\" \/>\n\t<meta property=\"og:image:type\" content=\"image\/png\" \/>\n<meta name=\"twitter:card\" content=\"summary_large_image\" \/>\n<meta name=\"twitter:label1\" content=\"\u0414\u043e\u0441\u0442\u0443\u043f\u043d\u043e\u0441\u0442\u044c\" \/>\n\t<meta name=\"twitter:data1\" content=\"\u0412 \u043d\u0430\u043b\u0438\u0447\u0438\u0438\" \/>\n<meta property=\"og:availability\" content=\"instock\" \/>\n<meta property=\"product:availability\" content=\"instock\" \/>\n<meta property=\"product:condition\" content=\"new\" \/>\n<!-- \/ Yoast SEO Premium plugin. -->","yoast_head_json":{"title":"Segway Ninebot Max G30 \u0441\u0443\u043c\u043a\u0430 \u0441 \u043a\u0440\u044e\u0447\u043a\u043e\u043c \u0438\u0437 \u043d\u0435\u0439\u043b\u043e\u043d\u0430 &#8212; T\u00f5uksimaailm","robots":{"index":"index","follow":"follow","max-snippet":"max-snippet:-1","max-image-preview":"max-image-preview:large","max-video-preview":"max-video-preview:-1"},"canonical":"https:\/\/www.xn--tuksimaailm-ffb.ee\/ru\/\u043f\u0440\u043e\u0434\u0443\u043a\u0442\/segway-ninebot-max-g30-%d1%81%d1%83%d0%bc%d0%ba%d0%b0-%d1%81-%d0%ba%d1%80%d1%8e%d1%87%d0%ba%d0%be%d0%bc-%d0%b8%d0%b7-%d0%bd%d0%b5%d0%b9%d0%bb%d0%be%d0%bd%d0%b0\/","og_locale":"ru_RU","og_type":"article","og_title":"Segway Ninebot Max G30 \u0441\u0443\u043c\u043a\u0430 \u0441 \u043a\u0440\u044e\u0447\u043a\u043e\u043c \u0438\u0437 \u043d\u0435\u0439\u043b\u043e\u043d\u0430","og_description":"Segway Ninebot Max G30 \u043a\u0440\u044e\u0447\u043e\u043a \u0434\u043b\u044f \u0441\u0443\u043c\u043a\u0438 \/ \u0434\u0435\u0440\u0436\u0430\u0442\u0435\u043b\u044c \u0438\u0437 \u043d\u0435\u0439\u043b\u043e\u043d\u0430 - \u043f\u043e\u0434\u0445\u043e\u0434\u0438\u0442 \u0434\u043b\u044f \u043f\u043e\u0434\u0432\u0435\u0448\u0438\u0432\u0430\u043d\u0438\u044f \u0441\u0443\u043c\u043e\u043a \u0441 \u043f\u043e\u043a\u0443\u043f\u043a\u0430\u043c\u0438 \u043d\u0430 \u044d\u043b\u0435\u043a\u0442\u0440\u043e\u0441\u0430\u043c\u043e\u043a\u0430\u0442. \u0414\u0435\u0440\u0436\u0430\u0442\u0435\u043b\u044c \u0434\u043b\u044f \u0441\u0443\u043c\u043a\u0438 \u0434\u043e\u0441\u0442\u0443\u043f\u0435\u043d \u0432 \u0447\u0435\u0440\u043d\u043e\u043c, \u043a\u0440\u0430\u0441\u043d\u043e\u043c \u0438 \u0431\u0435\u043b\u043e\u043c \u0446\u0432\u0435\u0442\u0435. \u041d\u0435\u0439\u043b\u043e\u043d\u043e\u0432\u044b\u0439 \u043a\u0440\u044e\u0447\u043e\u043a \u0434\u043b\u044f \u0441\u0443\u043c\u043a\u0438 Segway Ninebot Max G30 \u043f\u043e\u0434\u0445\u043e\u0434\u0438\u0442 \u0434\u043b\u044f \u043f\u043e\u043f\u0443\u043b\u044f\u0440\u043d\u044b\u0445 \u044d\u043b\u0435\u043a\u0442\u0440\u043e\u0441\u0430\u043c\u043e\u043a\u0430\u0442\u043e\u0432 Ninebot Max G30, Ninebot Max G30LE \u0438 Ninebot &hellip;","og_url":"https:\/\/www.xn--tuksimaailm-ffb.ee\/ru\/\u043f\u0440\u043e\u0434\u0443\u043a\u0442\/segway-ninebot-max-g30-%d1%81%d1%83%d0%bc%d0%ba%d0%b0-%d1%81-%d0%ba%d1%80%d1%8e%d1%87%d0%ba%d0%be%d0%bc-%d0%b8%d0%b7-%d0%bd%d0%b5%d0%b9%d0%bb%d0%be%d0%bd%d0%b0\/","og_site_name":"T\u00f5uksimaailm","article_publisher":"https:\/\/www.facebook.com\/touksimaailm\/","og_image":[{"width":599,"height":556,"url":"https:\/\/www.xn--tuksimaailm-ffb.ee\/wp-content\/uploads\/2021\/01\/max-konks-6.png","type":"image\/png"}],"twitter_card":"summary_large_image","twitter_misc":{"\u0414\u043e\u0441\u0442\u0443\u043f\u043d\u043e\u0441\u0442\u044c":"\u0412 \u043d\u0430\u043b\u0438\u0447\u0438\u0438"},"schema":{"@context":"https:\/\/schema.org","@graph":[{"@type":"WebPage","@id":"https:\/\/www.xn--tuksimaailm-ffb.ee\/ru\/\u043f\u0440\u043e\u0434\u0443\u043a\u0442\/segway-ninebot-max-g30-%d1%81%d1%83%d0%bc%d0%ba%d0%b0-%d1%81-%d0%ba%d1%80%d1%8e%d1%87%d0%ba%d0%be%d0%bc-%d0%b8%d0%b7-%d0%bd%d0%b5%d0%b9%d0%bb%d0%be%d0%bd%d0%b0\/","url":"https:\/\/www.xn--tuksimaailm-ffb.ee\/ru\/\u043f\u0440\u043e\u0434\u0443\u043a\u0442\/segway-ninebot-max-g30-%d1%81%d1%83%d0%bc%d0%ba%d0%b0-%d1%81-%d0%ba%d1%80%d1%8e%d1%87%d0%ba%d0%be%d0%bc-%d0%b8%d0%b7-%d0%bd%d0%b5%d0%b9%d0%bb%d0%be%d0%bd%d0%b0\/","name":"Segway Ninebot Max G30 \u0441\u0443\u043c\u043a\u0430 \u0441 \u043a\u0440\u044e\u0447\u043a\u043e\u043c \u0438\u0437 \u043d\u0435\u0439\u043b\u043e\u043d\u0430 &#8212; T\u00f5uksimaailm","isPartOf":{"@id":"https:\/\/www.xn--tuksimaailm-ffb.ee\/ru\/#website"},"primaryImageOfPage":{"@id":"https:\/\/www.xn--tuksimaailm-ffb.ee\/ru\/\u043f\u0440\u043e\u0434\u0443\u043a\u0442\/segway-ninebot-max-g30-%d1%81%d1%83%d0%bc%d0%ba%d0%b0-%d1%81-%d0%ba%d1%80%d1%8e%d1%87%d0%ba%d0%be%d0%bc-%d0%b8%d0%b7-%d0%bd%d0%b5%d0%b9%d0%bb%d0%be%d0%bd%d0%b0\/#primaryimage"},"image":{"@id":"https:\/\/www.xn--tuksimaailm-ffb.ee\/ru\/\u043f\u0440\u043e\u0434\u0443\u043a\u0442\/segway-ninebot-max-g30-%d1%81%d1%83%d0%bc%d0%ba%d0%b0-%d1%81-%d0%ba%d1%80%d1%8e%d1%87%d0%ba%d0%be%d0%bc-%d0%b8%d0%b7-%d0%bd%d0%b5%d0%b9%d0%bb%d0%be%d0%bd%d0%b0\/#primaryimage"},"thumbnailUrl":"https:\/\/www.xn--tuksimaailm-ffb.ee\/wp-content\/uploads\/2021\/01\/max-konks-6.png","datePublished":"2021-01-24T15:17:14+00:00","breadcrumb":{"@id":"https:\/\/www.xn--tuksimaailm-ffb.ee\/ru\/\u043f\u0440\u043e\u0434\u0443\u043a\u0442\/segway-ninebot-max-g30-%d1%81%d1%83%d0%bc%d0%ba%d0%b0-%d1%81-%d0%ba%d1%80%d1%8e%d1%87%d0%ba%d0%be%d0%bc-%d0%b8%d0%b7-%d0%bd%d0%b5%d0%b9%d0%bb%d0%be%d0%bd%d0%b0\/#breadcrumb"},"inLanguage":"ru-RU","potentialAction":[{"@type":"ReadAction","target":["https:\/\/www.xn--tuksimaailm-ffb.ee\/ru\/\u043f\u0440\u043e\u0434\u0443\u043a\u0442\/segway-ninebot-max-g30-%d1%81%d1%83%d0%bc%d0%ba%d0%b0-%d1%81-%d0%ba%d1%80%d1%8e%d1%87%d0%ba%d0%be%d0%bc-%d0%b8%d0%b7-%d0%bd%d0%b5%d0%b9%d0%bb%d0%be%d0%bd%d0%b0\/"]}]},{"@type":"ImageObject","inLanguage":"ru-RU","@id":"https:\/\/www.xn--tuksimaailm-ffb.ee\/ru\/\u043f\u0440\u043e\u0434\u0443\u043a\u0442\/segway-ninebot-max-g30-%d1%81%d1%83%d0%bc%d0%ba%d0%b0-%d1%81-%d0%ba%d1%80%d1%8e%d1%87%d0%ba%d0%be%d0%bc-%d0%b8%d0%b7-%d0%bd%d0%b5%d0%b9%d0%bb%d0%be%d0%bd%d0%b0\/#primaryimage","url":"https:\/\/www.xn--tuksimaailm-ffb.ee\/wp-content\/uploads\/2021\/01\/max-konks-6.png","contentUrl":"https:\/\/www.xn--tuksimaailm-ffb.ee\/wp-content\/uploads\/2021\/01\/max-konks-6.png","width":599,"height":556},{"@type":"BreadcrumbList","@id":"https:\/\/www.xn--tuksimaailm-ffb.ee\/ru\/\u043f\u0440\u043e\u0434\u0443\u043a\u0442\/segway-ninebot-max-g30-%d1%81%d1%83%d0%bc%d0%ba%d0%b0-%d1%81-%d0%ba%d1%80%d1%8e%d1%87%d0%ba%d0%be%d0%bc-%d0%b8%d0%b7-%d0%bd%d0%b5%d0%b9%d0%bb%d0%be%d0%bd%d0%b0\/#breadcrumb","itemListElement":[{"@type":"ListItem","position":1,"name":"Home","item":"https:\/\/www.xn--tuksimaailm-ffb.ee\/ru\/frontpage\/"},{"@type":"ListItem","position":2,"name":"\u041c\u0410\u0413\u0410\u0417\u0418\u041d","item":"https:\/\/www.xn--tuksimaailm-ffb.ee\/elektritoukerataste-pood\/"},{"@type":"ListItem","position":3,"name":"Segway Ninebot Max G30 \u0441\u0443\u043c\u043a\u0430 \u0441 \u043a\u0440\u044e\u0447\u043a\u043e\u043c \u0438\u0437 \u043d\u0435\u0439\u043b\u043e\u043d\u0430"}]},{"@type":"WebSite","@id":"https:\/\/www.xn--tuksimaailm-ffb.ee\/ru\/#website","url":"https:\/\/www.xn--tuksimaailm-ffb.ee\/ru\/","name":"T\u00f5uksimaailm","description":"Elektrit\u00f5ukerataste m\u00fc\u00fck, remont ja rent","publisher":{"@id":"https:\/\/www.xn--tuksimaailm-ffb.ee\/ru\/#organization"},"potentialAction":[{"@type":"SearchAction","target":{"@type":"EntryPoint","urlTemplate":"https:\/\/www.xn--tuksimaailm-ffb.ee\/ru\/?s={search_term_string}"},"query-input":{"@type":"PropertyValueSpecification","valueRequired":true,"valueName":"search_term_string"}}],"inLanguage":"ru-RU"},{"@type":"Organization","@id":"https:\/\/www.xn--tuksimaailm-ffb.ee\/ru\/#organization","name":"T\u00f5uksimaailm","url":"https:\/\/www.xn--tuksimaailm-ffb.ee\/ru\/","logo":{"@type":"ImageObject","inLanguage":"ru-RU","@id":"https:\/\/www.xn--tuksimaailm-ffb.ee\/ru\/#\/schema\/logo\/image\/","url":"https:\/\/www.xn--tuksimaailm-ffb.ee\/wp-content\/uploads\/2020\/01\/logoz-e1579792875517.png","contentUrl":"https:\/\/www.xn--tuksimaailm-ffb.ee\/wp-content\/uploads\/2020\/01\/logoz-e1579792875517.png","width":250,"height":250,"caption":"T\u00f5uksimaailm"},"image":{"@id":"https:\/\/www.xn--tuksimaailm-ffb.ee\/ru\/#\/schema\/logo\/image\/"},"sameAs":["https:\/\/www.facebook.com\/touksimaailm\/","https:\/\/www.instagram.com\/touksimaailm_\/","https:\/\/www.youtube.com\/channel\/UC18ml0EKIDLP1xGuQjFzcXQ"]}]},"og_availability":"instock","product_availability":"instock","product_condition":"new"},"jetpack_sharing_enabled":true,"_links":{"self":[{"href":"https:\/\/www.xn--tuksimaailm-ffb.ee\/ru\/wp-json\/wp\/v2\/product\/70323","targetHints":{"allow":["GET"]}}],"collection":[{"href":"https:\/\/www.xn--tuksimaailm-ffb.ee\/ru\/wp-json\/wp\/v2\/product"}],"about":[{"href":"https:\/\/www.xn--tuksimaailm-ffb.ee\/ru\/wp-json\/wp\/v2\/types\/product"}],"wp:featuredmedia":[{"embeddable":true,"href":"https:\/\/www.xn--tuksimaailm-ffb.ee\/ru\/wp-json\/wp\/v2\/media\/13204"}],"wp:attachment":[{"href":"https:\/\/www.xn--tuksimaailm-ffb.ee\/ru\/wp-json\/wp\/v2\/media?parent=70323"}],"wp:term":[{"taxonomy":"product_brand","embeddable":true,"href":"https:\/\/www.xn--tuksimaailm-ffb.ee\/ru\/wp-json\/wp\/v2\/product_brand?post=70323"},{"taxonomy":"product_cat","embeddable":true,"href":"https:\/\/www.xn--tuksimaailm-ffb.ee\/ru\/wp-json\/wp\/v2\/product_cat?post=70323"},{"taxonomy":"product_tag","embeddable":true,"href":"https:\/\/www.xn--tuksimaailm-ffb.ee\/ru\/wp-json\/wp\/v2\/product_tag?post=70323"},{"taxonomy":"filter_elektritoukeratas","embeddable":true,"href":"https:\/\/www.xn--tuksimaailm-ffb.ee\/ru\/wp-json\/wp\/v2\/filter_elektritoukeratas?post=70323"}],"curies":[{"name":"wp","href":"https:\/\/api.w.org\/{rel}","templated":true}]}}