{"id":70374,"date":"2021-01-17T15:32:46","date_gmt":"2021-01-17T13:32:46","guid":{"rendered":"https:\/\/www.xn--tuksimaailm-ffb.ee\/shop\/%d1%81%d1%82%d0%b8%d0%bb%d1%8c%d0%bd%d1%8b%d0%b9-%d1%87%d0%b0%d1%81%d1%8b-%d0%b4%d0%bb%d1%8f-%d1%8d%d0%bb%d0%b5%d0%ba%d1%82%d1%80%d0%b8%d1%87%d0%b5%d1%81%d0%ba%d0%be%d0%b3%d0%be-%d1%81%d0%b0%d0%bc\/"},"modified":"2021-01-17T15:32:46","modified_gmt":"2021-01-17T13:32:46","slug":"%d1%81%d1%82%d0%b8%d0%bb%d1%8c%d0%bd%d1%8b%d0%b9-%d1%87%d0%b0%d1%81%d1%8b-%d0%b4%d0%bb%d1%8f-%d1%8d%d0%bb%d0%b5%d0%ba%d1%82%d1%80%d0%b8%d1%87%d0%b5%d1%81%d0%ba%d0%be%d0%b3%d0%be-%d1%81%d0%b0%d0%bc","status":"publish","type":"product","link":"https:\/\/www.xn--tuksimaailm-ffb.ee\/ru\/\u043f\u0440\u043e\u0434\u0443\u043a\u0442\/%d1%81%d1%82%d0%b8%d0%bb%d1%8c%d0%bd%d1%8b%d0%b9-%d1%87%d0%b0%d1%81%d1%8b-%d0%b4%d0%bb%d1%8f-%d1%8d%d0%bb%d0%b5%d0%ba%d1%82%d1%80%d0%b8%d1%87%d0%b5%d1%81%d0%ba%d0%be%d0%b3%d0%be-%d1%81%d0%b0%d0%bc\/","title":{"rendered":"\u0421\u0442\u0438\u043b\u044c\u043d\u044b\u0439 \u0447\u0430\u0441\u044b \u0434\u043b\u044f \u044d\u043b\u0435\u043a\u0442\u0440\u0438\u0447\u0435\u0441\u043a\u043e\u0433\u043e \u0441\u0430\u043c\u043e\u043a\u0430\u0442\u0430 \u0438\u0437 \u0430\u043b\u044e\u043c\u0438\u043d\u0438\u044f"},"content":{"rendered":"<p>\u0421\u0442\u0438\u043b\u044c\u043d\u044b\u0439 \u0437\u0432\u043e\u043d\u043e\u043a \u0434\u043b\u044f \u044d\u043b\u0435\u043a\u0442\u0440\u0438\u0447\u0435\u0441\u043a\u043e\u0433\u043e \u0441\u0430\u043c\u043e\u043a\u0430\u0442\u0430 (\u0442\u0430\u043a\u0436\u0435 \u0441\u0438\u0433\u043d\u0430\u043b\u0438\u0437\u0430\u0442\u043e\u0440). \u041c\u044b \u043f\u0440\u0435\u0434\u043b\u0430\u0433\u0430\u0435\u043c \u0437\u0432\u043e\u043d\u043a\u0438 \u0434\u0438\u0430\u043c\u0435\u0442\u0440\u043e\u043c <b>22 \u043c\u043c<\/b> \u0438 <b>31,8 \u043c\u043c<\/b>. \u0414\u043b\u044f \u0431\u043e\u043b\u044c\u0448\u0438\u043d\u0441\u0442\u0432\u0430 \u044d\u043b\u0435\u043a\u0442\u0440\u0438\u0447\u0435\u0441\u043a\u0438\u0445 \u0441\u0430\u043c\u043e\u043a\u0430\u0442\u043e\u0432, \u0442\u0430\u043a\u0438\u0445 \u043a\u0430\u043a <a href=\"http:\/\/www.xn--tuksimaailm-ffb.ee\/shop\/elektriline-toukeratas-ninebot-max-g30\/\">Ninebot Max G30<\/a>, \u0438 \u0432\u0435\u043b\u043e\u0441\u0438\u043f\u0435\u0434\u043e\u0432 \u043f\u043e\u0434\u0445\u043e\u0434\u0438\u0442 \u0437\u0432\u043e\u043d\u043e\u043a \u0434\u0438\u0430\u043c\u0435\u0442\u0440\u043e\u043c 22 \u043c\u043c. \u0427\u0430\u0441\u044b \u0434\u0438\u0430\u043c\u0435\u0442\u0440\u043e\u043c 31,8 \u043c\u043c \u043f\u043e\u0434\u0445\u043e\u0434\u044f\u0442 \u0434\u043b\u044f \u043f\u043e\u043f\u0443\u043b\u044f\u0440\u043d\u044b\u0445 \u044d\u043b\u0435\u043a\u0442\u0440\u043e\u0441\u0430\u043c\u043e\u043a\u0430\u0442\u043e\u0432 \u0441\u0435\u0440\u0438\u0438 Segway Ninebot <a href=\"https:\/\/ee-en.segway.com\/products\/ninebot-by-segway-kickscooter-es1\"><b>Ninebot ES1<\/b><\/a><b>, <\/b><a href=\"https:\/\/ee-en.segway.com\/products\/ninebot-by-segway-kickscooter-es2\"><b>ES2<\/b><\/a><b>, ES3 \u0438 ES4<\/b>, \u0430 \u0442\u0430\u043a\u0436\u0435<b> <\/b><a href=\"https:\/\/ee-en.segway.com\/products\/ninebot-kickscooter-e22e-powered-by-segway\"><b>Ninebot E22E<\/b><\/a><b>, <\/b><a href=\"https:\/\/ee-en.segway.com\/products\/ninebot-kickscooter-e25e-powered-by-segway\"><b>E25E<\/b><\/a><b>, <\/b><a href=\"https:\/\/ee-en.segway.com\/products\/ninebot-kickscooter-e45e-powered-by-segway\"><b>E45E<\/b><\/a>. \u041a\u043e\u0440\u043f\u0443\u0441 \u0441\u0438\u0433\u043d\u0430\u043b\u044c\u043d\u043e\u0433\u043e \u0437\u0432\u043e\u043d\u043a\u0430 \u0438\u0437\u0433\u043e\u0442\u043e\u0432\u043b\u0435\u043d \u0438\u0437 \u043f\u0440\u043e\u0447\u043d\u043e\u0433\u043e \u0430\u043b\u044e\u043c\u0438\u043d\u0438\u044f. \u041a\u043e\u043b\u043e\u043a\u043e\u043b \u0434\u043e\u0441\u0442\u0443\u043f\u0435\u043d \u0441 \u043a\u0440\u044b\u0448\u043a\u043e\u0439 3 \u0440\u0430\u0437\u043d\u044b\u0445 \u0446\u0432\u0435\u0442\u043e\u0432 \u2014 <b>\u0447\u0435\u0440\u043d\u043e\u0433\u043e<\/b>, <b>\u043a\u0440\u0430\u0441\u043d\u043e\u0433\u043e<\/b> \u0438 <b>\u0431\u0435\u043b\u043e\u0433\u043e<\/b>.<\/p>\n","protected":false},"excerpt":{"rendered":"<p>\u0421\u0442\u0438\u043b\u044c\u043d\u044b\u0439 \u0437\u0432\u043e\u043d\u043e\u043a \u0434\u043b\u044f \u044d\u043b\u0435\u043a\u0442\u0440\u0438\u0447\u0435\u0441\u043a\u043e\u0433\u043e \u0441\u0430\u043c\u043e\u043a\u0430\u0442\u0430 (\u0442\u0430\u043a\u0436\u0435 \u0441\u0438\u0433\u043d\u0430\u043b\u0438\u0437\u0430\u0442\u043e\u0440). \u041c\u044b \u043f\u0440\u0435\u0434\u043b\u0430\u0433\u0430\u0435\u043c \u0437\u0432\u043e\u043d\u043a\u0438 \u0434\u0438\u0430\u043c\u0435\u0442\u0440\u043e\u043c 22 \u043c\u043c \u0438 31,8 \u043c\u043c. \u0414\u043b\u044f \u0431\u043e\u043b\u044c\u0448\u0438\u043d\u0441\u0442\u0432\u0430 \u044d\u043b\u0435\u043a\u0442\u0440\u0438\u0447\u0435\u0441\u043a\u0438\u0445 \u0441\u0430\u043c\u043e\u043a\u0430\u0442\u043e\u0432, \u0442\u0430\u043a\u0438\u0445 \u043a\u0430\u043a Ninebot Max G30, \u0438 \u0432\u0435\u043b\u043e\u0441\u0438\u043f\u0435\u0434\u043e\u0432 \u043f\u043e\u0434\u0445\u043e\u0434\u0438\u0442 \u0437\u0432\u043e\u043d\u043e\u043a \u0434\u0438\u0430\u043c\u0435\u0442\u0440\u043e\u043c 22 \u043c\u043c. \u0427\u0430\u0441\u044b \u0434\u0438\u0430\u043c\u0435\u0442\u0440\u043e\u043c 31,8 \u043c\u043c \u043f\u043e\u0434\u0445\u043e\u0434\u044f\u0442 \u0434\u043b\u044f \u043f\u043e\u043f\u0443\u043b\u044f\u0440\u043d\u044b\u0445 \u044d\u043b\u0435\u043a\u0442\u0440\u043e\u0441\u0430\u043c\u043e\u043a\u0430\u0442\u043e\u0432 \u0441\u0435\u0440\u0438\u0438 Segway Ninebot Ninebot ES1, ES2, ES3 \u0438 ES4, \u0430 &hellip;<\/p>\n","protected":false},"featured_media":12868,"template":"","meta":[],"product_brand":[],"product_cat":[756],"product_tag":[],"filter_elektritoukeratas":[],"class_list":{"0":"post-70374","1":"product","2":"type-product","3":"status-publish","4":"has-post-thumbnail","6":"product_cat-756","8":"first","9":"instock","10":"taxable","11":"shipping-taxable","12":"purchasable","13":"product-type-variable"},"yoast_head":"<!-- This site is optimized with the Yoast SEO Premium plugin v26.8 (Yoast SEO v27.5) - https:\/\/yoast.com\/product\/yoast-seo-premium-wordpress\/ -->\n<title>\u0421\u0442\u0438\u043b\u044c\u043d\u044b\u0439 \u0447\u0430\u0441\u044b \u0434\u043b\u044f \u044d\u043b\u0435\u043a\u0442\u0440\u0438\u0447\u0435\u0441\u043a\u043e\u0433\u043e \u0441\u0430\u043c\u043e\u043a\u0430\u0442\u0430 \u0438\u0437 \u0430\u043b\u044e\u043c\u0438\u043d\u0438\u044f &#8212; T\u00f5uksimaailm<\/title>\n<meta name=\"robots\" content=\"index, follow, max-snippet:-1, max-image-preview:large, max-video-preview:-1\" \/>\n<link rel=\"canonical\" href=\"https:\/\/www.xn--tuksimaailm-ffb.ee\/ru\/\u043f\u0440\u043e\u0434\u0443\u043a\u0442\/%d1%81%d1%82%d0%b8%d0%bb%d1%8c%d0%bd%d1%8b%d0%b9-%d1%87%d0%b0%d1%81%d1%8b-%d0%b4%d0%bb%d1%8f-%d1%8d%d0%bb%d0%b5%d0%ba%d1%82%d1%80%d0%b8%d1%87%d0%b5%d1%81%d0%ba%d0%be%d0%b3%d0%be-%d1%81%d0%b0%d0%bc\/\" \/>\n<meta property=\"og:locale\" content=\"ru_RU\" \/>\n<meta property=\"og:type\" content=\"article\" \/>\n<meta property=\"og:title\" content=\"\u0421\u0442\u0438\u043b\u044c\u043d\u044b\u0439 \u0447\u0430\u0441\u044b \u0434\u043b\u044f \u044d\u043b\u0435\u043a\u0442\u0440\u0438\u0447\u0435\u0441\u043a\u043e\u0433\u043e \u0441\u0430\u043c\u043e\u043a\u0430\u0442\u0430 \u0438\u0437 \u0430\u043b\u044e\u043c\u0438\u043d\u0438\u044f\" \/>\n<meta property=\"og:description\" content=\"\u0421\u0442\u0438\u043b\u044c\u043d\u044b\u0439 \u0437\u0432\u043e\u043d\u043e\u043a \u0434\u043b\u044f \u044d\u043b\u0435\u043a\u0442\u0440\u0438\u0447\u0435\u0441\u043a\u043e\u0433\u043e \u0441\u0430\u043c\u043e\u043a\u0430\u0442\u0430 (\u0442\u0430\u043a\u0436\u0435 \u0441\u0438\u0433\u043d\u0430\u043b\u0438\u0437\u0430\u0442\u043e\u0440). \u041c\u044b \u043f\u0440\u0435\u0434\u043b\u0430\u0433\u0430\u0435\u043c \u0437\u0432\u043e\u043d\u043a\u0438 \u0434\u0438\u0430\u043c\u0435\u0442\u0440\u043e\u043c 22 \u043c\u043c \u0438 31,8 \u043c\u043c. \u0414\u043b\u044f \u0431\u043e\u043b\u044c\u0448\u0438\u043d\u0441\u0442\u0432\u0430 \u044d\u043b\u0435\u043a\u0442\u0440\u0438\u0447\u0435\u0441\u043a\u0438\u0445 \u0441\u0430\u043c\u043e\u043a\u0430\u0442\u043e\u0432, \u0442\u0430\u043a\u0438\u0445 \u043a\u0430\u043a Ninebot Max G30, \u0438 \u0432\u0435\u043b\u043e\u0441\u0438\u043f\u0435\u0434\u043e\u0432 \u043f\u043e\u0434\u0445\u043e\u0434\u0438\u0442 \u0437\u0432\u043e\u043d\u043e\u043a \u0434\u0438\u0430\u043c\u0435\u0442\u0440\u043e\u043c 22 \u043c\u043c. \u0427\u0430\u0441\u044b \u0434\u0438\u0430\u043c\u0435\u0442\u0440\u043e\u043c 31,8 \u043c\u043c \u043f\u043e\u0434\u0445\u043e\u0434\u044f\u0442 \u0434\u043b\u044f \u043f\u043e\u043f\u0443\u043b\u044f\u0440\u043d\u044b\u0445 \u044d\u043b\u0435\u043a\u0442\u0440\u043e\u0441\u0430\u043c\u043e\u043a\u0430\u0442\u043e\u0432 \u0441\u0435\u0440\u0438\u0438 Segway Ninebot Ninebot ES1, ES2, ES3 \u0438 ES4, \u0430 &hellip;\" \/>\n<meta property=\"og:url\" content=\"https:\/\/www.xn--tuksimaailm-ffb.ee\/ru\/\u043f\u0440\u043e\u0434\u0443\u043a\u0442\/%d1%81%d1%82%d0%b8%d0%bb%d1%8c%d0%bd%d1%8b%d0%b9-%d1%87%d0%b0%d1%81%d1%8b-%d0%b4%d0%bb%d1%8f-%d1%8d%d0%bb%d0%b5%d0%ba%d1%82%d1%80%d0%b8%d1%87%d0%b5%d1%81%d0%ba%d0%be%d0%b3%d0%be-%d1%81%d0%b0%d0%bc\/\" \/>\n<meta property=\"og:site_name\" content=\"T\u00f5uksimaailm\" \/>\n<meta property=\"article:publisher\" content=\"https:\/\/www.facebook.com\/touksimaailm\/\" \/>\n<meta property=\"og:image\" content=\"https:\/\/www.xn--tuksimaailm-ffb.ee\/wp-content\/uploads\/2021\/01\/kell-elektrilisele-t\u00f5ukerattale-2.jpg\" \/>\n\t<meta property=\"og:image:width\" content=\"600\" \/>\n\t<meta property=\"og:image:height\" content=\"591\" \/>\n\t<meta property=\"og:image:type\" content=\"image\/jpeg\" \/>\n<meta name=\"twitter:card\" content=\"summary_large_image\" \/>\n<meta name=\"twitter:label1\" content=\"\u0414\u043e\u0441\u0442\u0443\u043f\u043d\u043e\u0441\u0442\u044c\" \/>\n\t<meta name=\"twitter:data1\" content=\"\u0412 \u043d\u0430\u043b\u0438\u0447\u0438\u0438\" \/>\n<meta property=\"og:availability\" content=\"instock\" \/>\n<meta property=\"product:availability\" content=\"instock\" \/>\n<meta property=\"product:condition\" content=\"new\" \/>\n<!-- \/ Yoast SEO Premium plugin. -->","yoast_head_json":{"title":"\u0421\u0442\u0438\u043b\u044c\u043d\u044b\u0439 \u0447\u0430\u0441\u044b \u0434\u043b\u044f \u044d\u043b\u0435\u043a\u0442\u0440\u0438\u0447\u0435\u0441\u043a\u043e\u0433\u043e \u0441\u0430\u043c\u043e\u043a\u0430\u0442\u0430 \u0438\u0437 \u0430\u043b\u044e\u043c\u0438\u043d\u0438\u044f &#8212; T\u00f5uksimaailm","robots":{"index":"index","follow":"follow","max-snippet":"max-snippet:-1","max-image-preview":"max-image-preview:large","max-video-preview":"max-video-preview:-1"},"canonical":"https:\/\/www.xn--tuksimaailm-ffb.ee\/ru\/\u043f\u0440\u043e\u0434\u0443\u043a\u0442\/%d1%81%d1%82%d0%b8%d0%bb%d1%8c%d0%bd%d1%8b%d0%b9-%d1%87%d0%b0%d1%81%d1%8b-%d0%b4%d0%bb%d1%8f-%d1%8d%d0%bb%d0%b5%d0%ba%d1%82%d1%80%d0%b8%d1%87%d0%b5%d1%81%d0%ba%d0%be%d0%b3%d0%be-%d1%81%d0%b0%d0%bc\/","og_locale":"ru_RU","og_type":"article","og_title":"\u0421\u0442\u0438\u043b\u044c\u043d\u044b\u0439 \u0447\u0430\u0441\u044b \u0434\u043b\u044f \u044d\u043b\u0435\u043a\u0442\u0440\u0438\u0447\u0435\u0441\u043a\u043e\u0433\u043e \u0441\u0430\u043c\u043e\u043a\u0430\u0442\u0430 \u0438\u0437 \u0430\u043b\u044e\u043c\u0438\u043d\u0438\u044f","og_description":"\u0421\u0442\u0438\u043b\u044c\u043d\u044b\u0439 \u0437\u0432\u043e\u043d\u043e\u043a \u0434\u043b\u044f \u044d\u043b\u0435\u043a\u0442\u0440\u0438\u0447\u0435\u0441\u043a\u043e\u0433\u043e \u0441\u0430\u043c\u043e\u043a\u0430\u0442\u0430 (\u0442\u0430\u043a\u0436\u0435 \u0441\u0438\u0433\u043d\u0430\u043b\u0438\u0437\u0430\u0442\u043e\u0440). \u041c\u044b \u043f\u0440\u0435\u0434\u043b\u0430\u0433\u0430\u0435\u043c \u0437\u0432\u043e\u043d\u043a\u0438 \u0434\u0438\u0430\u043c\u0435\u0442\u0440\u043e\u043c 22 \u043c\u043c \u0438 31,8 \u043c\u043c. \u0414\u043b\u044f \u0431\u043e\u043b\u044c\u0448\u0438\u043d\u0441\u0442\u0432\u0430 \u044d\u043b\u0435\u043a\u0442\u0440\u0438\u0447\u0435\u0441\u043a\u0438\u0445 \u0441\u0430\u043c\u043e\u043a\u0430\u0442\u043e\u0432, \u0442\u0430\u043a\u0438\u0445 \u043a\u0430\u043a Ninebot Max G30, \u0438 \u0432\u0435\u043b\u043e\u0441\u0438\u043f\u0435\u0434\u043e\u0432 \u043f\u043e\u0434\u0445\u043e\u0434\u0438\u0442 \u0437\u0432\u043e\u043d\u043e\u043a \u0434\u0438\u0430\u043c\u0435\u0442\u0440\u043e\u043c 22 \u043c\u043c. \u0427\u0430\u0441\u044b \u0434\u0438\u0430\u043c\u0435\u0442\u0440\u043e\u043c 31,8 \u043c\u043c \u043f\u043e\u0434\u0445\u043e\u0434\u044f\u0442 \u0434\u043b\u044f \u043f\u043e\u043f\u0443\u043b\u044f\u0440\u043d\u044b\u0445 \u044d\u043b\u0435\u043a\u0442\u0440\u043e\u0441\u0430\u043c\u043e\u043a\u0430\u0442\u043e\u0432 \u0441\u0435\u0440\u0438\u0438 Segway Ninebot Ninebot ES1, ES2, ES3 \u0438 ES4, \u0430 &hellip;","og_url":"https:\/\/www.xn--tuksimaailm-ffb.ee\/ru\/\u043f\u0440\u043e\u0434\u0443\u043a\u0442\/%d1%81%d1%82%d0%b8%d0%bb%d1%8c%d0%bd%d1%8b%d0%b9-%d1%87%d0%b0%d1%81%d1%8b-%d0%b4%d0%bb%d1%8f-%d1%8d%d0%bb%d0%b5%d0%ba%d1%82%d1%80%d0%b8%d1%87%d0%b5%d1%81%d0%ba%d0%be%d0%b3%d0%be-%d1%81%d0%b0%d0%bc\/","og_site_name":"T\u00f5uksimaailm","article_publisher":"https:\/\/www.facebook.com\/touksimaailm\/","og_image":[{"width":600,"height":591,"url":"https:\/\/www.xn--tuksimaailm-ffb.ee\/wp-content\/uploads\/2021\/01\/kell-elektrilisele-t\u00f5ukerattale-2.jpg","type":"image\/jpeg"}],"twitter_card":"summary_large_image","twitter_misc":{"\u0414\u043e\u0441\u0442\u0443\u043f\u043d\u043e\u0441\u0442\u044c":"\u0412 \u043d\u0430\u043b\u0438\u0447\u0438\u0438"},"schema":{"@context":"https:\/\/schema.org","@graph":[{"@type":"WebPage","@id":"https:\/\/www.xn--tuksimaailm-ffb.ee\/ru\/\u043f\u0440\u043e\u0434\u0443\u043a\u0442\/%d1%81%d1%82%d0%b8%d0%bb%d1%8c%d0%bd%d1%8b%d0%b9-%d1%87%d0%b0%d1%81%d1%8b-%d0%b4%d0%bb%d1%8f-%d1%8d%d0%bb%d0%b5%d0%ba%d1%82%d1%80%d0%b8%d1%87%d0%b5%d1%81%d0%ba%d0%be%d0%b3%d0%be-%d1%81%d0%b0%d0%bc\/","url":"https:\/\/www.xn--tuksimaailm-ffb.ee\/ru\/\u043f\u0440\u043e\u0434\u0443\u043a\u0442\/%d1%81%d1%82%d0%b8%d0%bb%d1%8c%d0%bd%d1%8b%d0%b9-%d1%87%d0%b0%d1%81%d1%8b-%d0%b4%d0%bb%d1%8f-%d1%8d%d0%bb%d0%b5%d0%ba%d1%82%d1%80%d0%b8%d1%87%d0%b5%d1%81%d0%ba%d0%be%d0%b3%d0%be-%d1%81%d0%b0%d0%bc\/","name":"\u0421\u0442\u0438\u043b\u044c\u043d\u044b\u0439 \u0447\u0430\u0441\u044b \u0434\u043b\u044f \u044d\u043b\u0435\u043a\u0442\u0440\u0438\u0447\u0435\u0441\u043a\u043e\u0433\u043e \u0441\u0430\u043c\u043e\u043a\u0430\u0442\u0430 \u0438\u0437 \u0430\u043b\u044e\u043c\u0438\u043d\u0438\u044f &#8212; T\u00f5uksimaailm","isPartOf":{"@id":"https:\/\/www.xn--tuksimaailm-ffb.ee\/ru\/#website"},"primaryImageOfPage":{"@id":"https:\/\/www.xn--tuksimaailm-ffb.ee\/ru\/\u043f\u0440\u043e\u0434\u0443\u043a\u0442\/%d1%81%d1%82%d0%b8%d0%bb%d1%8c%d0%bd%d1%8b%d0%b9-%d1%87%d0%b0%d1%81%d1%8b-%d0%b4%d0%bb%d1%8f-%d1%8d%d0%bb%d0%b5%d0%ba%d1%82%d1%80%d0%b8%d1%87%d0%b5%d1%81%d0%ba%d0%be%d0%b3%d0%be-%d1%81%d0%b0%d0%bc\/#primaryimage"},"image":{"@id":"https:\/\/www.xn--tuksimaailm-ffb.ee\/ru\/\u043f\u0440\u043e\u0434\u0443\u043a\u0442\/%d1%81%d1%82%d0%b8%d0%bb%d1%8c%d0%bd%d1%8b%d0%b9-%d1%87%d0%b0%d1%81%d1%8b-%d0%b4%d0%bb%d1%8f-%d1%8d%d0%bb%d0%b5%d0%ba%d1%82%d1%80%d0%b8%d1%87%d0%b5%d1%81%d0%ba%d0%be%d0%b3%d0%be-%d1%81%d0%b0%d0%bc\/#primaryimage"},"thumbnailUrl":"https:\/\/www.xn--tuksimaailm-ffb.ee\/wp-content\/uploads\/2021\/01\/kell-elektrilisele-t\u00f5ukerattale-2.jpg","datePublished":"2021-01-17T13:32:46+00:00","breadcrumb":{"@id":"https:\/\/www.xn--tuksimaailm-ffb.ee\/ru\/\u043f\u0440\u043e\u0434\u0443\u043a\u0442\/%d1%81%d1%82%d0%b8%d0%bb%d1%8c%d0%bd%d1%8b%d0%b9-%d1%87%d0%b0%d1%81%d1%8b-%d0%b4%d0%bb%d1%8f-%d1%8d%d0%bb%d0%b5%d0%ba%d1%82%d1%80%d0%b8%d1%87%d0%b5%d1%81%d0%ba%d0%be%d0%b3%d0%be-%d1%81%d0%b0%d0%bc\/#breadcrumb"},"inLanguage":"ru-RU","potentialAction":[{"@type":"ReadAction","target":["https:\/\/www.xn--tuksimaailm-ffb.ee\/ru\/\u043f\u0440\u043e\u0434\u0443\u043a\u0442\/%d1%81%d1%82%d0%b8%d0%bb%d1%8c%d0%bd%d1%8b%d0%b9-%d1%87%d0%b0%d1%81%d1%8b-%d0%b4%d0%bb%d1%8f-%d1%8d%d0%bb%d0%b5%d0%ba%d1%82%d1%80%d0%b8%d1%87%d0%b5%d1%81%d0%ba%d0%be%d0%b3%d0%be-%d1%81%d0%b0%d0%bc\/"]}]},{"@type":"ImageObject","inLanguage":"ru-RU","@id":"https:\/\/www.xn--tuksimaailm-ffb.ee\/ru\/\u043f\u0440\u043e\u0434\u0443\u043a\u0442\/%d1%81%d1%82%d0%b8%d0%bb%d1%8c%d0%bd%d1%8b%d0%b9-%d1%87%d0%b0%d1%81%d1%8b-%d0%b4%d0%bb%d1%8f-%d1%8d%d0%bb%d0%b5%d0%ba%d1%82%d1%80%d0%b8%d1%87%d0%b5%d1%81%d0%ba%d0%be%d0%b3%d0%be-%d1%81%d0%b0%d0%bc\/#primaryimage","url":"https:\/\/www.xn--tuksimaailm-ffb.ee\/wp-content\/uploads\/2021\/01\/kell-elektrilisele-t\u00f5ukerattale-2.jpg","contentUrl":"https:\/\/www.xn--tuksimaailm-ffb.ee\/wp-content\/uploads\/2021\/01\/kell-elektrilisele-t\u00f5ukerattale-2.jpg","width":600,"height":591},{"@type":"BreadcrumbList","@id":"https:\/\/www.xn--tuksimaailm-ffb.ee\/ru\/\u043f\u0440\u043e\u0434\u0443\u043a\u0442\/%d1%81%d1%82%d0%b8%d0%bb%d1%8c%d0%bd%d1%8b%d0%b9-%d1%87%d0%b0%d1%81%d1%8b-%d0%b4%d0%bb%d1%8f-%d1%8d%d0%bb%d0%b5%d0%ba%d1%82%d1%80%d0%b8%d1%87%d0%b5%d1%81%d0%ba%d0%be%d0%b3%d0%be-%d1%81%d0%b0%d0%bc\/#breadcrumb","itemListElement":[{"@type":"ListItem","position":1,"name":"Home","item":"https:\/\/www.xn--tuksimaailm-ffb.ee\/ru\/frontpage\/"},{"@type":"ListItem","position":2,"name":"\u041c\u0410\u0413\u0410\u0417\u0418\u041d","item":"https:\/\/www.xn--tuksimaailm-ffb.ee\/elektritoukerataste-pood\/"},{"@type":"ListItem","position":3,"name":"\u0421\u0442\u0438\u043b\u044c\u043d\u044b\u0439 \u0447\u0430\u0441\u044b \u0434\u043b\u044f \u044d\u043b\u0435\u043a\u0442\u0440\u0438\u0447\u0435\u0441\u043a\u043e\u0433\u043e \u0441\u0430\u043c\u043e\u043a\u0430\u0442\u0430 \u0438\u0437 \u0430\u043b\u044e\u043c\u0438\u043d\u0438\u044f"}]},{"@type":"WebSite","@id":"https:\/\/www.xn--tuksimaailm-ffb.ee\/ru\/#website","url":"https:\/\/www.xn--tuksimaailm-ffb.ee\/ru\/","name":"T\u00f5uksimaailm","description":"Elektrit\u00f5ukerataste m\u00fc\u00fck, remont ja rent","publisher":{"@id":"https:\/\/www.xn--tuksimaailm-ffb.ee\/ru\/#organization"},"potentialAction":[{"@type":"SearchAction","target":{"@type":"EntryPoint","urlTemplate":"https:\/\/www.xn--tuksimaailm-ffb.ee\/ru\/?s={search_term_string}"},"query-input":{"@type":"PropertyValueSpecification","valueRequired":true,"valueName":"search_term_string"}}],"inLanguage":"ru-RU"},{"@type":"Organization","@id":"https:\/\/www.xn--tuksimaailm-ffb.ee\/ru\/#organization","name":"T\u00f5uksimaailm","url":"https:\/\/www.xn--tuksimaailm-ffb.ee\/ru\/","logo":{"@type":"ImageObject","inLanguage":"ru-RU","@id":"https:\/\/www.xn--tuksimaailm-ffb.ee\/ru\/#\/schema\/logo\/image\/","url":"https:\/\/www.xn--tuksimaailm-ffb.ee\/wp-content\/uploads\/2020\/01\/logoz-e1579792875517.png","contentUrl":"https:\/\/www.xn--tuksimaailm-ffb.ee\/wp-content\/uploads\/2020\/01\/logoz-e1579792875517.png","width":250,"height":250,"caption":"T\u00f5uksimaailm"},"image":{"@id":"https:\/\/www.xn--tuksimaailm-ffb.ee\/ru\/#\/schema\/logo\/image\/"},"sameAs":["https:\/\/www.facebook.com\/touksimaailm\/","https:\/\/www.instagram.com\/touksimaailm_\/","https:\/\/www.youtube.com\/channel\/UC18ml0EKIDLP1xGuQjFzcXQ"]}]},"og_availability":"instock","product_availability":"instock","product_condition":"new"},"jetpack_sharing_enabled":true,"_links":{"self":[{"href":"https:\/\/www.xn--tuksimaailm-ffb.ee\/ru\/wp-json\/wp\/v2\/product\/70374","targetHints":{"allow":["GET"]}}],"collection":[{"href":"https:\/\/www.xn--tuksimaailm-ffb.ee\/ru\/wp-json\/wp\/v2\/product"}],"about":[{"href":"https:\/\/www.xn--tuksimaailm-ffb.ee\/ru\/wp-json\/wp\/v2\/types\/product"}],"wp:featuredmedia":[{"embeddable":true,"href":"https:\/\/www.xn--tuksimaailm-ffb.ee\/ru\/wp-json\/wp\/v2\/media\/12868"}],"wp:attachment":[{"href":"https:\/\/www.xn--tuksimaailm-ffb.ee\/ru\/wp-json\/wp\/v2\/media?parent=70374"}],"wp:term":[{"taxonomy":"product_brand","embeddable":true,"href":"https:\/\/www.xn--tuksimaailm-ffb.ee\/ru\/wp-json\/wp\/v2\/product_brand?post=70374"},{"taxonomy":"product_cat","embeddable":true,"href":"https:\/\/www.xn--tuksimaailm-ffb.ee\/ru\/wp-json\/wp\/v2\/product_cat?post=70374"},{"taxonomy":"product_tag","embeddable":true,"href":"https:\/\/www.xn--tuksimaailm-ffb.ee\/ru\/wp-json\/wp\/v2\/product_tag?post=70374"},{"taxonomy":"filter_elektritoukeratas","embeddable":true,"href":"https:\/\/www.xn--tuksimaailm-ffb.ee\/ru\/wp-json\/wp\/v2\/filter_elektritoukeratas?post=70374"}],"curies":[{"name":"wp","href":"https:\/\/api.w.org\/{rel}","templated":true}]}}